{"id":108226,"date":"2022-02-27T18:12:22","date_gmt":"2022-02-27T17:12:22","guid":{"rendered":"https:\/\/www.munksjo.com\/imprint\/"},"modified":"2026-03-22T14:24:55","modified_gmt":"2026-03-22T13:24:55","slug":"impressum","status":"publish","type":"page","link":"https:\/\/www.munksjo.com\/de\/impressum\/","title":{"rendered":"Impressum"},"content":{"rendered":"<div class=\"wpb-content-wrapper\"><p>[vc_row row_height_percent=&#8220;0&#8243; override_padding=&#8220;yes&#8220; h_padding=&#8220;2&#8243; top_padding=&#8220;5&#8243; bottom_padding=&#8220;3&#8243; overlay_alpha=&#8220;50&#8243; gutter_size=&#8220;3&#8243; column_width_percent=&#8220;100&#8243; shift_y=&#8220;0&#8243; z_index=&#8220;0&#8243; uncode_shortcode_id=&#8220;871381&#8243;][vc_column column_width_use_pixel=&#8220;yes&#8220; align_horizontal=&#8220;align_center&#8220; gutter_size=&#8220;2&#8243; overlay_alpha=&#8220;50&#8243; shift_x=&#8220;0&#8243; shift_y=&#8220;0&#8243; shift_y_down=&#8220;0&#8243; z_index=&#8220;0&#8243; medium_width=&#8220;0&#8243; mobile_width=&#8220;0&#8243; width=&#8220;1\/1&#8243; uncode_shortcode_id=&#8220;138619&#8243; column_width_pixel=&#8220;912&#8243;][vc_custom_heading text_height=&#8220;fontheight-909588&#8243; uncode_shortcode_id=&#8220;102926&#8243;]Munksj\u00f6 Impressum[\/vc_custom_heading][\/vc_column][\/vc_row][vc_row row_height_percent=&#8220;0&#8243; override_padding=&#8220;yes&#8220; h_padding=&#8220;2&#8243; top_padding=&#8220;0&#8243; bottom_padding=&#8220;3&#8243; overlay_alpha=&#8220;50&#8243; gutter_size=&#8220;3&#8243; column_width_percent=&#8220;100&#8243; shift_y=&#8220;0&#8243; z_index=&#8220;0&#8243; uncode_shortcode_id=&#8220;163080&#8243;][vc_column column_width_use_pixel=&#8220;yes&#8220; gutter_size=&#8220;2&#8243; overlay_alpha=&#8220;50&#8243; shift_x=&#8220;0&#8243; shift_y=&#8220;0&#8243; shift_y_down=&#8220;0&#8243; z_index=&#8220;0&#8243; medium_width=&#8220;0&#8243; mobile_width=&#8220;0&#8243; width=&#8220;1\/1&#8243; uncode_shortcode_id=&#8220;120314&#8243; column_width_pixel=&#8220;912&#8243;][vc_column_text uncode_shortcode_id=&#8220;141141&#8243;]Munksj\u00f6 Germany Holding GmbH<br \/>\nWaldh\u00e4user Strasse 41<br \/>\n73432 Aalen, Germany<\/p>\n<p>Gesch\u00e4ftsf\u00fchrer: Manfred Bracher, Michael Schirle<br \/>\nSitz: Aalen\u00a0 &#8211;\u00a0 Registergericht Ulm HRB 501626<br \/>\nUSt-IdNr.\u00a0 DE 814 389 995<\/p>\n<p>Tel.\u00a0 +49 7361 506-111<br \/>\ndecor.paper@munksjo.com[\/vc_column_text][\/vc_column][\/vc_row]<\/p>\n<\/div>","protected":false},"excerpt":{"rendered":"<p>[vc_row row_height_percent=&#8220;0&#8243; override_padding=&#8220;yes&#8220; h_padding=&#8220;2&#8243; top_padding=&#8220;5&#8243; bottom_padding=&#8220;3&#8243; overlay_alpha=&#8220;50&#8243; gutter_size=&#8220;3&#8243; column_width_percent=&#8220;100&#8243; shift_y=&#8220;0&#8243; z_index=&#8220;0&#8243; uncode_shortcode_id=&#8220;871381&#8243;][vc_column column_width_use_pixel=&#8220;yes&#8220; align_horizontal=&#8220;align_center&#8220; gutter_size=&#8220;2&#8243; overlay_alpha=&#8220;50&#8243; shift_x=&#8220;0&#8243; shift_y=&#8220;0&#8243; shift_y_down=&#8220;0&#8243; z_index=&#8220;0&#8243; [&hellip;]<\/p>\n","protected":false},"author":1,"featured_media":0,"parent":0,"menu_order":130,"comment_status":"closed","ping_status":"closed","template":"","meta":{"_acf_changed":false,"iawp_total_views":2622,"footnotes":""},"class_list":["post-108226","page","type-page","status-publish","hentry"],"acf":[],"yoast_head":"<!-- This site is optimized with the Yoast SEO plugin v27.4 - https:\/\/yoast.com\/product\/yoast-seo-wordpress\/ -->\n<title>Impressum - Munksj\u00f6<\/title>\n<meta name=\"description\" content=\"Informationen zum Impressum. Die Munksj\u00f6-Website f\u00fcr Ihr Land oder Ihre Region ist eine von Munksj\u00f6 betriebene Website.\" \/>\n<meta name=\"robots\" content=\"index, follow, max-snippet:-1, max-image-preview:large, max-video-preview:-1\" \/>\n<link rel=\"canonical\" href=\"https:\/\/www.munksjo.com\/de\/impressum\/\" \/>\n<meta property=\"og:locale\" content=\"de_DE\" \/>\n<meta property=\"og:type\" content=\"article\" \/>\n<meta property=\"og:title\" content=\"Impressum - Munksj\u00f6\" \/>\n<meta property=\"og:description\" content=\"Informationen zum Impressum. Die Munksj\u00f6-Website f\u00fcr Ihr Land oder Ihre Region ist eine von Munksj\u00f6 betriebene Website.\" \/>\n<meta property=\"og:url\" content=\"https:\/\/www.munksjo.com\/de\/impressum\/\" \/>\n<meta property=\"og:site_name\" content=\"Munksj\u00f6\" \/>\n<meta property=\"article:modified_time\" content=\"2026-03-22T13:24:55+00:00\" \/>\n<meta name=\"twitter:card\" content=\"summary_large_image\" \/>\n<meta name=\"twitter:label1\" content=\"Gesch\u00e4tzte Lesezeit\" \/>\n\t<meta name=\"twitter:data1\" content=\"1\u00a0Minute\" \/>\n<script type=\"application\/ld+json\" class=\"yoast-schema-graph\">{\"@context\":\"https:\\\/\\\/schema.org\",\"@graph\":[{\"@type\":\"WebPage\",\"@id\":\"https:\\\/\\\/www.munksjo.com\\\/de\\\/impressum\\\/\",\"url\":\"https:\\\/\\\/www.munksjo.com\\\/de\\\/impressum\\\/\",\"name\":\"Impressum - Munksj\u00f6\",\"isPartOf\":{\"@id\":\"https:\\\/\\\/www.munksjo.com\\\/#website\"},\"datePublished\":\"2022-02-27T17:12:22+00:00\",\"dateModified\":\"2026-03-22T13:24:55+00:00\",\"description\":\"Informationen zum Impressum. Die Munksj\u00f6-Website f\u00fcr Ihr Land oder Ihre Region ist eine von Munksj\u00f6 betriebene Website.\",\"breadcrumb\":{\"@id\":\"https:\\\/\\\/www.munksjo.com\\\/de\\\/impressum\\\/#breadcrumb\"},\"inLanguage\":\"de\",\"potentialAction\":[{\"@type\":\"ReadAction\",\"target\":[\"https:\\\/\\\/www.munksjo.com\\\/de\\\/impressum\\\/\"]}]},{\"@type\":\"BreadcrumbList\",\"@id\":\"https:\\\/\\\/www.munksjo.com\\\/de\\\/impressum\\\/#breadcrumb\",\"itemListElement\":[{\"@type\":\"ListItem\",\"position\":1,\"name\":\"Home\",\"item\":\"https:\\\/\\\/www.munksjo.com\\\/de\\\/\"},{\"@type\":\"ListItem\",\"position\":2,\"name\":\"Impressum\"}]},{\"@type\":\"WebSite\",\"@id\":\"https:\\\/\\\/www.munksjo.com\\\/#website\",\"url\":\"https:\\\/\\\/www.munksjo.com\\\/\",\"name\":\"Munksj\u00f6\",\"description\":\"Leading international manufacturer of specialty paper\",\"publisher\":{\"@id\":\"https:\\\/\\\/www.munksjo.com\\\/#organization\"},\"potentialAction\":[{\"@type\":\"SearchAction\",\"target\":{\"@type\":\"EntryPoint\",\"urlTemplate\":\"https:\\\/\\\/www.munksjo.com\\\/?s={search_term_string}\"},\"query-input\":{\"@type\":\"PropertyValueSpecification\",\"valueRequired\":true,\"valueName\":\"search_term_string\"}}],\"inLanguage\":\"de\"},{\"@type\":\"Organization\",\"@id\":\"https:\\\/\\\/www.munksjo.com\\\/#organization\",\"name\":\"Munksj\u00f6\",\"url\":\"https:\\\/\\\/www.munksjo.com\\\/\",\"logo\":{\"@type\":\"ImageObject\",\"inLanguage\":\"de\",\"@id\":\"https:\\\/\\\/www.munksjo.com\\\/#\\\/schema\\\/logo\\\/image\\\/\",\"url\":\"https:\\\/\\\/www.munksjo.com\\\/wp-content\\\/uploads\\\/2024\\\/01\\\/Munksjoe_Logomark_Brand_BlueGreen_negative_1220x312px_72dpi.jpg\",\"contentUrl\":\"https:\\\/\\\/www.munksjo.com\\\/wp-content\\\/uploads\\\/2024\\\/01\\\/Munksjoe_Logomark_Brand_BlueGreen_negative_1220x312px_72dpi.jpg\",\"width\":1220,\"height\":312,\"caption\":\"Munksj\u00f6\"},\"image\":{\"@id\":\"https:\\\/\\\/www.munksjo.com\\\/#\\\/schema\\\/logo\\\/image\\\/\"},\"sameAs\":[\"https:\\\/\\\/www.linkedin.com\\\/company\\\/munksjo\\\/\",\"https:\\\/\\\/www.instagram.com\\\/munksjodecor\\\/\",\"https:\\\/\\\/www.youtube.com\\\/channel\\\/UCOHqaJZZLDAKCup3eO-_ujw\"]}]}<\/script>\n<!-- \/ Yoast SEO plugin. -->","yoast_head_json":{"title":"Impressum - Munksj\u00f6","description":"Informationen zum Impressum. Die Munksj\u00f6-Website f\u00fcr Ihr Land oder Ihre Region ist eine von Munksj\u00f6 betriebene Website.","robots":{"index":"index","follow":"follow","max-snippet":"max-snippet:-1","max-image-preview":"max-image-preview:large","max-video-preview":"max-video-preview:-1"},"canonical":"https:\/\/www.munksjo.com\/de\/impressum\/","og_locale":"de_DE","og_type":"article","og_title":"Impressum - Munksj\u00f6","og_description":"Informationen zum Impressum. Die Munksj\u00f6-Website f\u00fcr Ihr Land oder Ihre Region ist eine von Munksj\u00f6 betriebene Website.","og_url":"https:\/\/www.munksjo.com\/de\/impressum\/","og_site_name":"Munksj\u00f6","article_modified_time":"2026-03-22T13:24:55+00:00","twitter_card":"summary_large_image","twitter_misc":{"Gesch\u00e4tzte Lesezeit":"1\u00a0Minute"},"schema":{"@context":"https:\/\/schema.org","@graph":[{"@type":"WebPage","@id":"https:\/\/www.munksjo.com\/de\/impressum\/","url":"https:\/\/www.munksjo.com\/de\/impressum\/","name":"Impressum - Munksj\u00f6","isPartOf":{"@id":"https:\/\/www.munksjo.com\/#website"},"datePublished":"2022-02-27T17:12:22+00:00","dateModified":"2026-03-22T13:24:55+00:00","description":"Informationen zum Impressum. Die Munksj\u00f6-Website f\u00fcr Ihr Land oder Ihre Region ist eine von Munksj\u00f6 betriebene Website.","breadcrumb":{"@id":"https:\/\/www.munksjo.com\/de\/impressum\/#breadcrumb"},"inLanguage":"de","potentialAction":[{"@type":"ReadAction","target":["https:\/\/www.munksjo.com\/de\/impressum\/"]}]},{"@type":"BreadcrumbList","@id":"https:\/\/www.munksjo.com\/de\/impressum\/#breadcrumb","itemListElement":[{"@type":"ListItem","position":1,"name":"Home","item":"https:\/\/www.munksjo.com\/de\/"},{"@type":"ListItem","position":2,"name":"Impressum"}]},{"@type":"WebSite","@id":"https:\/\/www.munksjo.com\/#website","url":"https:\/\/www.munksjo.com\/","name":"Munksj\u00f6","description":"Leading international manufacturer of specialty paper","publisher":{"@id":"https:\/\/www.munksjo.com\/#organization"},"potentialAction":[{"@type":"SearchAction","target":{"@type":"EntryPoint","urlTemplate":"https:\/\/www.munksjo.com\/?s={search_term_string}"},"query-input":{"@type":"PropertyValueSpecification","valueRequired":true,"valueName":"search_term_string"}}],"inLanguage":"de"},{"@type":"Organization","@id":"https:\/\/www.munksjo.com\/#organization","name":"Munksj\u00f6","url":"https:\/\/www.munksjo.com\/","logo":{"@type":"ImageObject","inLanguage":"de","@id":"https:\/\/www.munksjo.com\/#\/schema\/logo\/image\/","url":"https:\/\/www.munksjo.com\/wp-content\/uploads\/2024\/01\/Munksjoe_Logomark_Brand_BlueGreen_negative_1220x312px_72dpi.jpg","contentUrl":"https:\/\/www.munksjo.com\/wp-content\/uploads\/2024\/01\/Munksjoe_Logomark_Brand_BlueGreen_negative_1220x312px_72dpi.jpg","width":1220,"height":312,"caption":"Munksj\u00f6"},"image":{"@id":"https:\/\/www.munksjo.com\/#\/schema\/logo\/image\/"},"sameAs":["https:\/\/www.linkedin.com\/company\/munksjo\/","https:\/\/www.instagram.com\/munksjodecor\/","https:\/\/www.youtube.com\/channel\/UCOHqaJZZLDAKCup3eO-_ujw"]}]}},"_links":{"self":[{"href":"https:\/\/www.munksjo.com\/de\/wp-json\/wp\/v2\/pages\/108226","targetHints":{"allow":["GET"]}}],"collection":[{"href":"https:\/\/www.munksjo.com\/de\/wp-json\/wp\/v2\/pages"}],"about":[{"href":"https:\/\/www.munksjo.com\/de\/wp-json\/wp\/v2\/types\/page"}],"author":[{"embeddable":true,"href":"https:\/\/www.munksjo.com\/de\/wp-json\/wp\/v2\/users\/1"}],"replies":[{"embeddable":true,"href":"https:\/\/www.munksjo.com\/de\/wp-json\/wp\/v2\/comments?post=108226"}],"version-history":[{"count":18,"href":"https:\/\/www.munksjo.com\/de\/wp-json\/wp\/v2\/pages\/108226\/revisions"}],"predecessor-version":[{"id":125329,"href":"https:\/\/www.munksjo.com\/de\/wp-json\/wp\/v2\/pages\/108226\/revisions\/125329"}],"wp:attachment":[{"href":"https:\/\/www.munksjo.com\/de\/wp-json\/wp\/v2\/media?parent=108226"}],"curies":[{"name":"wp","href":"https:\/\/api.w.org\/{rel}","templated":true}]}}