{"id":108228,"date":"2022-02-27T18:11:45","date_gmt":"2022-02-27T17:11:45","guid":{"rendered":"https:\/\/www.munksjo.com\/privacy-policy\/"},"modified":"2026-03-22T14:23:43","modified_gmt":"2026-03-22T13:23:43","slug":"datenschutzbestimmungen","status":"publish","type":"page","link":"https:\/\/www.munksjo.com\/de\/datenschutzbestimmungen\/","title":{"rendered":"Datenschutzbestimmungen"},"content":{"rendered":"<div class=\"wpb-content-wrapper\"><p>[vc_row row_height_percent=&#8220;0&#8243; override_padding=&#8220;yes&#8220; h_padding=&#8220;2&#8243; top_padding=&#8220;5&#8243; bottom_padding=&#8220;3&#8243; overlay_alpha=&#8220;50&#8243; gutter_size=&#8220;3&#8243; column_width_percent=&#8220;100&#8243; shift_y=&#8220;0&#8243; z_index=&#8220;0&#8243; uncode_shortcode_id=&#8220;140121&#8243;][vc_column column_width_use_pixel=&#8220;yes&#8220; align_horizontal=&#8220;align_center&#8220; gutter_size=&#8220;2&#8243; overlay_alpha=&#8220;50&#8243; shift_x=&#8220;0&#8243; shift_y=&#8220;0&#8243; shift_y_down=&#8220;0&#8243; z_index=&#8220;0&#8243; medium_width=&#8220;0&#8243; mobile_width=&#8220;0&#8243; width=&#8220;1\/1&#8243; uncode_shortcode_id=&#8220;138619&#8243; column_width_pixel=&#8220;912&#8243;][vc_custom_heading text_height=&#8220;fontheight-909588&#8243; uncode_shortcode_id=&#8220;429755&#8243;]Munksj\u00f6 Datenschutzbestimmungen[\/vc_custom_heading][\/vc_column][\/vc_row][vc_row row_height_percent=&#8220;0&#8243; override_padding=&#8220;yes&#8220; h_padding=&#8220;2&#8243; top_padding=&#8220;0&#8243; bottom_padding=&#8220;3&#8243; overlay_alpha=&#8220;50&#8243; gutter_size=&#8220;3&#8243; column_width_percent=&#8220;100&#8243; shift_y=&#8220;0&#8243; z_index=&#8220;0&#8243; uncode_shortcode_id=&#8220;719340&#8243; el_class=&#8220;txt-li&#8220;][vc_column column_width_use_pixel=&#8220;yes&#8220; gutter_size=&#8220;2&#8243; overlay_alpha=&#8220;50&#8243; shift_x=&#8220;0&#8243; shift_y=&#8220;0&#8243; shift_y_down=&#8220;0&#8243; z_index=&#8220;0&#8243; medium_width=&#8220;0&#8243; mobile_width=&#8220;0&#8243; width=&#8220;1\/1&#8243; uncode_shortcode_id=&#8220;120314&#8243; column_width_pixel=&#8220;912&#8243;][vc_column_text uncode_shortcode_id=&#8220;428969&#8243;]Diese Datenschutzerkl\u00e4rung\u00a0wird derzeit \u00fcberarbeitet und kann \u00c4nderungen unterliegen.<\/p>\n<p>Die Munksj\u00f6 Germany Holding GmbH und ihre Konzerngesellschaften verpflichten sich, die Privatsph\u00e4re des Einzelnen zu respektieren und zu sch\u00fctzen. Diese Datenschutzrichtlinie beschreibt die Informationen, die Munksj\u00f6 \u00fcber Sie sammelt, wenn Sie diese Website www.munksjo.com besuchen, wie sie verwendet oder verarbeitet werden, sowie die Ma\u00dfnahmen, die Munksj\u00f6 ergreift, um die Sicherheit der \u00fcber die Website gesammelten Informationen zu gew\u00e4hrleisten. Bitte lesen Sie diese Datenschutzrichtlinie sorgf\u00e4ltig durch, bevor Sie diese Website nutzen.<\/p>\n<p>Datenverantwortlicher:<\/p>\n<p>Externe Datenschutzbeauftragte<br \/>\nc\/o T\u00dcV S\u00dcD Akademie GmbH<br \/>\nWestendstra\u00dfe 160<br \/>\n80339 M\u00fcnchen<\/p>\n<p><a href=\"mailto:datenschutz@munksjo.com\">datenschutz@munksjo.com<\/a><\/p>\n<h4>Welche Informationen werden gesammelt?<\/h4>\n<p>Alle Aktivit\u00e4ten auf der Munksj\u00f6-Website werden protokolliert und Ihre IP-Adresse wird im Protokoll gespeichert. Der Zweck des Protokolls besteht darin, Informationen \u00fcber das Nutzungsvolumen und -muster der Dienste, die Anzahl der Besucher, die Teile der Website, auf die zugegriffen oder die nicht verwendet wurden, und Systemfehler zu sammeln. Die gesammelten nicht personenbezogenen Daten werden verwendet, um die Munksj\u00f6-Website weiterzuentwickeln und zu verbessern. Das Protokoll erfasst keine personenbezogenen Daten wie Name, Adresse, Geburtsdatum, E-Mail-Adressen, Telefonnummern, Berufsbezeichnungen usw. (im Folgenden als \u201epersonenbezogene Daten\u201c bezeichnet).<\/p>\n<p>Munksj\u00f6 erfasst nur die personenbezogenen Daten, die Sie freiwillig \u00fcber die Munksj\u00f6-Website \u00fcbermitteln. Darunter k\u00f6nnen Informationen wie Name, Adresse und\/oder E-Mail-Adresse fallen. Munksj\u00f6 sammelt keine personenbezogenen Daten ohne Ihr Wissen.<\/p>\n<h4>Zweck der Erfassung personenbezogener Daten<\/h4>\n<p>Sofern in separaten Datenschutzerkl\u00e4rungen auf dieser Website nicht anders angegeben oder sofern Munksj\u00f6 Sie nicht ausdr\u00fccklich anders informiert, bevor Sie personenbezogene Daten \u00fcbermitteln, wird Munksj\u00f6 nur personenbezogene Daten erheben und verarbeiten<\/p>\n<ul>\n<li>um auf Ihre Anfragen oder Kommentare zu antworten,<\/li>\n<li>f\u00fcr die Vermarktung und den Verkauf von Munksj\u00f6s Produkten und Dienstleistungen,<\/li>\n<li>um Ihr Nutzungsverhalten und Bed\u00fcrfnisse besser zu verstehen und<\/li>\n<li>zur Personalisierung des Website-Inhalts und der Benutzererfahrung.<\/li>\n<li>Weitergabe Ihrer personenbezogenen Daten an andere<\/li>\n<\/ul>\n<p>Zur Durchf\u00fchrung der oben genannten Zwecke und vorbehaltlich der Anforderungen der geltenden Gesetze k\u00f6nnen personenbezogene Daten zwischen Unternehmen der Munksj\u00f6-Gruppe oder Drittanbietern in L\u00e4ndern \u00fcbertragen werden, in denen das Schutzniveau nicht unbedingt den gesetzlichen Anforderungen der EU entspricht. In diesem Fall wird der angemessene Schutz von Daten au\u00dferhalb der EU durch die Ausf\u00fchrung der von der Europ\u00e4ischen Kommission genehmigten Standardvertragsklauseln oder durch Zertifizierungen von EU-U.S. Privacy Shield Framework oder gleichwertig gew\u00e4hrleistet. Dar\u00fcber hinaus k\u00f6nnen einige der personenbezogenen Daten aufgrund der technischen und praktischen Anforderungen der Verarbeitung auf den Servern von Subunternehmern gespeichert oder von Subunternehmern verarbeitet werden, die den Datenverarbeitungsstandards von Munksj\u00f6 zugestimmt haben. In jedem Fall muss der Empf\u00e4nger der Informationen die Vertraulichkeit und Sicherheit der erhaltenen personenbezogenen Daten wahren und darf diese nur f\u00fcr den vereinbarten Zweck verwenden. Munksj\u00f6 hat den strikten Grundsatz, personenbezogene Daten nicht an Dritte zu vermieten oder zu verkaufen.<\/p>\n<h4>Cookies<\/h4>\n<p>Munksj\u00f6 verwendet \u201eCookies\u201c, um nicht personenbezogene Informationen zu erhalten, um Ihre Besuche auf der Munksj\u00f6-Website zu verbessern. Cookies sind Textinformationsdateien, die Ihr Browser auf Ihrem Computer ablegt, wenn Sie eine Website besuchen. Munksj\u00f6 kann diese Daten erfassen, um das Anzeigeverhalten unserer Website-Besucher zu analysieren, es werden jedoch keine personenbezogenen Daten erfasst.<br \/>\nSie k\u00f6nnen Ihre Cookie-Einstellungen \u00fcber den Link Cookie-Einstellungen in der Fu\u00dfzeile verwalten.<br \/>\nBitte beachten Sie, dass Sie m\u00f6glicherweise nicht alle Teile dieser Website anzeigen k\u00f6nnen, wenn Sie die Verwendung von Cookies nicht zulassen.<\/p>\n<h4>Externe Links und Dritte Parteien<\/h4>\n<p>Die Munksj\u00f6-Website enth\u00e4lt Links zu anderen Websites, die von Dritten betrieben werden, wie z. B. Social-Media-Websites. Munksj\u00f6 ist nicht verantwortlich f\u00fcr die Datenschutzpraktiken oder den Inhalt dieser anderen Websites. Wir empfehlen Ihnen, die Datenschutzerkl\u00e4rungen solcher Websites Dritter zu lesen, wenn Sie sie verwenden.<\/p>\n<h4>Schutz und Speicherung personenbezogener Daten<\/h4>\n<p>Munksj\u00f6 ist bestrebt, die gesammelten personenbezogenen Daten durch den Einsatz geeigneter technischer und organisatorischer Ma\u00dfnahmen zu sch\u00fctzen. Der Zugriff auf personenbezogene Daten ist nach dem Need-to-Know-Prinzip auf Personen (Mitarbeiter und Dienstleister von Munksj\u00f6) beschr\u00e4nkt, die f\u00fcr die Zwecke, f\u00fcr die sie erfasst wurden, auf die Daten zugreifen m\u00fcssen. Munksj\u00f6 speichert personenbezogene Daten nur so lange, wie es f\u00fcr die Zwecke, f\u00fcr die sie erhoben wurden, oder zur Erf\u00fcllung gesetzlicher und\/oder beh\u00f6rdlicher Anforderungen erforderlich ist.<\/p>\n<h4>Ihre Rechte als betroffene Person<\/h4>\n<p>Sie k\u00f6nnen sich jederzeit unter der nachstehenden Adresse an Munksj\u00f6 wenden, um zu \u00fcberpr\u00fcfen, ob die Sie betreffenden personenbezogenen Daten korrekt sind, oder um die L\u00f6schung Ihrer personenbezogenen Daten oder eine Kopie der Daten anzufordern. Dar\u00fcber hinaus wird Munksj\u00f6 auf Ihren Wunsch hin Ihre personenbezogenen Daten berichtigen oder l\u00f6schen oder die Verarbeitung personenbezogener Daten einschr\u00e4nken. Dar\u00fcber hinaus haben Sie jederzeit das Recht, der Verarbeitung Ihrer personenbezogenen Daten f\u00fcr Direktmarketingzwecke zu widersprechen. Bitte beachten Sie, dass Sie m\u00f6glicherweise aufgefordert werden, Ihre Identit\u00e4t zu verifizieren, damit Munksj\u00f6 Ihre Anfrage ausf\u00fchren kann.<\/p>\n<h4>\u00c4nderungen an dieser Datenschutzrichtlinie<\/h4>\n<p>Da Munksj\u00f6 st\u00e4ndig bestrebt ist, seine Website weiterzuentwickeln, beh\u00e4lt sich Munksj\u00f6 das Recht vor, diese Datenschutzrichtlinie von Zeit zu Zeit zu aktualisieren, um sie den geltenden Gesetzen, Munksj\u00f6-Richtlinien sowie technologischen und gesch\u00e4ftlichen Entwicklungen anzupassen. Die aktuelle Version der Datenschutzerkl\u00e4rung finden Sie immer auf dieser Website.<\/p>\n<h4>Kontaktaufnahme mit Munksj\u00f6<\/h4>\n<p>Bei m\u00f6glichen Fragen, Kommentaren und Anfragen in Bezug auf diese Datenschutzrichtlinie und\/oder personenbezogene Daten wenden Sie sich bitte an Munksj\u00f6, indem Sie eine E-Mail an decor.paper@ munksjo.com senden.[\/vc_column_text][\/vc_column][\/vc_row]<\/p>\n<\/div>","protected":false},"excerpt":{"rendered":"<p>[vc_row row_height_percent=&#8220;0&#8243; override_padding=&#8220;yes&#8220; h_padding=&#8220;2&#8243; top_padding=&#8220;5&#8243; bottom_padding=&#8220;3&#8243; overlay_alpha=&#8220;50&#8243; gutter_size=&#8220;3&#8243; column_width_percent=&#8220;100&#8243; shift_y=&#8220;0&#8243; z_index=&#8220;0&#8243; uncode_shortcode_id=&#8220;140121&#8243;][vc_column column_width_use_pixel=&#8220;yes&#8220; align_horizontal=&#8220;align_center&#8220; gutter_size=&#8220;2&#8243; overlay_alpha=&#8220;50&#8243; shift_x=&#8220;0&#8243; shift_y=&#8220;0&#8243; shift_y_down=&#8220;0&#8243; z_index=&#8220;0&#8243; [&hellip;]<\/p>\n","protected":false},"author":1,"featured_media":0,"parent":0,"menu_order":29,"comment_status":"closed","ping_status":"closed","template":"","meta":{"_acf_changed":false,"iawp_total_views":146,"footnotes":""},"class_list":["post-108228","page","type-page","status-publish","hentry"],"acf":[],"yoast_head":"<!-- This site is optimized with the Yoast SEO plugin v27.4 - https:\/\/yoast.com\/product\/yoast-seo-wordpress\/ -->\n<title>Datenschutzbestimmungen - Munksj\u00f6<\/title>\n<meta name=\"description\" content=\"Unsere Datenschutzbestimmungen legen fest, wie wir mit Ihren Daten und Informationen umgehen, wenn Sie unsere Website und verschiedene Netzwerke besuchen.\" \/>\n<meta name=\"robots\" content=\"index, follow, max-snippet:-1, max-image-preview:large, max-video-preview:-1\" \/>\n<link rel=\"canonical\" href=\"https:\/\/www.munksjo.com\/de\/datenschutzbestimmungen\/\" \/>\n<meta property=\"og:locale\" content=\"de_DE\" \/>\n<meta property=\"og:type\" content=\"article\" \/>\n<meta property=\"og:title\" content=\"Datenschutzbestimmungen - Munksj\u00f6\" \/>\n<meta property=\"og:description\" content=\"Unsere Datenschutzbestimmungen legen fest, wie wir mit Ihren Daten und Informationen umgehen, wenn Sie unsere Website und verschiedene Netzwerke besuchen.\" \/>\n<meta property=\"og:url\" content=\"https:\/\/www.munksjo.com\/de\/datenschutzbestimmungen\/\" \/>\n<meta property=\"og:site_name\" content=\"Munksj\u00f6\" \/>\n<meta property=\"article:modified_time\" content=\"2026-03-22T13:23:43+00:00\" \/>\n<meta name=\"twitter:card\" content=\"summary_large_image\" \/>\n<meta name=\"twitter:label1\" content=\"Gesch\u00e4tzte Lesezeit\" \/>\n\t<meta name=\"twitter:data1\" content=\"4\u00a0Minuten\" \/>\n<script type=\"application\/ld+json\" class=\"yoast-schema-graph\">{\"@context\":\"https:\\\/\\\/schema.org\",\"@graph\":[{\"@type\":\"WebPage\",\"@id\":\"https:\\\/\\\/www.munksjo.com\\\/de\\\/datenschutzbestimmungen\\\/\",\"url\":\"https:\\\/\\\/www.munksjo.com\\\/de\\\/datenschutzbestimmungen\\\/\",\"name\":\"Datenschutzbestimmungen - Munksj\u00f6\",\"isPartOf\":{\"@id\":\"https:\\\/\\\/www.munksjo.com\\\/#website\"},\"datePublished\":\"2022-02-27T17:11:45+00:00\",\"dateModified\":\"2026-03-22T13:23:43+00:00\",\"description\":\"Unsere Datenschutzbestimmungen legen fest, wie wir mit Ihren Daten und Informationen umgehen, wenn Sie unsere Website und verschiedene Netzwerke besuchen.\",\"breadcrumb\":{\"@id\":\"https:\\\/\\\/www.munksjo.com\\\/de\\\/datenschutzbestimmungen\\\/#breadcrumb\"},\"inLanguage\":\"de\",\"potentialAction\":[{\"@type\":\"ReadAction\",\"target\":[\"https:\\\/\\\/www.munksjo.com\\\/de\\\/datenschutzbestimmungen\\\/\"]}]},{\"@type\":\"BreadcrumbList\",\"@id\":\"https:\\\/\\\/www.munksjo.com\\\/de\\\/datenschutzbestimmungen\\\/#breadcrumb\",\"itemListElement\":[{\"@type\":\"ListItem\",\"position\":1,\"name\":\"Home\",\"item\":\"https:\\\/\\\/www.munksjo.com\\\/de\\\/\"},{\"@type\":\"ListItem\",\"position\":2,\"name\":\"Datenschutzbestimmungen\"}]},{\"@type\":\"WebSite\",\"@id\":\"https:\\\/\\\/www.munksjo.com\\\/#website\",\"url\":\"https:\\\/\\\/www.munksjo.com\\\/\",\"name\":\"Munksj\u00f6\",\"description\":\"Leading international manufacturer of specialty paper\",\"publisher\":{\"@id\":\"https:\\\/\\\/www.munksjo.com\\\/#organization\"},\"potentialAction\":[{\"@type\":\"SearchAction\",\"target\":{\"@type\":\"EntryPoint\",\"urlTemplate\":\"https:\\\/\\\/www.munksjo.com\\\/?s={search_term_string}\"},\"query-input\":{\"@type\":\"PropertyValueSpecification\",\"valueRequired\":true,\"valueName\":\"search_term_string\"}}],\"inLanguage\":\"de\"},{\"@type\":\"Organization\",\"@id\":\"https:\\\/\\\/www.munksjo.com\\\/#organization\",\"name\":\"Munksj\u00f6\",\"url\":\"https:\\\/\\\/www.munksjo.com\\\/\",\"logo\":{\"@type\":\"ImageObject\",\"inLanguage\":\"de\",\"@id\":\"https:\\\/\\\/www.munksjo.com\\\/#\\\/schema\\\/logo\\\/image\\\/\",\"url\":\"https:\\\/\\\/www.munksjo.com\\\/wp-content\\\/uploads\\\/2024\\\/01\\\/Munksjoe_Logomark_Brand_BlueGreen_negative_1220x312px_72dpi.jpg\",\"contentUrl\":\"https:\\\/\\\/www.munksjo.com\\\/wp-content\\\/uploads\\\/2024\\\/01\\\/Munksjoe_Logomark_Brand_BlueGreen_negative_1220x312px_72dpi.jpg\",\"width\":1220,\"height\":312,\"caption\":\"Munksj\u00f6\"},\"image\":{\"@id\":\"https:\\\/\\\/www.munksjo.com\\\/#\\\/schema\\\/logo\\\/image\\\/\"},\"sameAs\":[\"https:\\\/\\\/www.linkedin.com\\\/company\\\/munksjo\\\/\",\"https:\\\/\\\/www.instagram.com\\\/munksjodecor\\\/\",\"https:\\\/\\\/www.youtube.com\\\/channel\\\/UCOHqaJZZLDAKCup3eO-_ujw\"]}]}<\/script>\n<!-- \/ Yoast SEO plugin. -->","yoast_head_json":{"title":"Datenschutzbestimmungen - Munksj\u00f6","description":"Unsere Datenschutzbestimmungen legen fest, wie wir mit Ihren Daten und Informationen umgehen, wenn Sie unsere Website und verschiedene Netzwerke besuchen.","robots":{"index":"index","follow":"follow","max-snippet":"max-snippet:-1","max-image-preview":"max-image-preview:large","max-video-preview":"max-video-preview:-1"},"canonical":"https:\/\/www.munksjo.com\/de\/datenschutzbestimmungen\/","og_locale":"de_DE","og_type":"article","og_title":"Datenschutzbestimmungen - Munksj\u00f6","og_description":"Unsere Datenschutzbestimmungen legen fest, wie wir mit Ihren Daten und Informationen umgehen, wenn Sie unsere Website und verschiedene Netzwerke besuchen.","og_url":"https:\/\/www.munksjo.com\/de\/datenschutzbestimmungen\/","og_site_name":"Munksj\u00f6","article_modified_time":"2026-03-22T13:23:43+00:00","twitter_card":"summary_large_image","twitter_misc":{"Gesch\u00e4tzte Lesezeit":"4\u00a0Minuten"},"schema":{"@context":"https:\/\/schema.org","@graph":[{"@type":"WebPage","@id":"https:\/\/www.munksjo.com\/de\/datenschutzbestimmungen\/","url":"https:\/\/www.munksjo.com\/de\/datenschutzbestimmungen\/","name":"Datenschutzbestimmungen - Munksj\u00f6","isPartOf":{"@id":"https:\/\/www.munksjo.com\/#website"},"datePublished":"2022-02-27T17:11:45+00:00","dateModified":"2026-03-22T13:23:43+00:00","description":"Unsere Datenschutzbestimmungen legen fest, wie wir mit Ihren Daten und Informationen umgehen, wenn Sie unsere Website und verschiedene Netzwerke besuchen.","breadcrumb":{"@id":"https:\/\/www.munksjo.com\/de\/datenschutzbestimmungen\/#breadcrumb"},"inLanguage":"de","potentialAction":[{"@type":"ReadAction","target":["https:\/\/www.munksjo.com\/de\/datenschutzbestimmungen\/"]}]},{"@type":"BreadcrumbList","@id":"https:\/\/www.munksjo.com\/de\/datenschutzbestimmungen\/#breadcrumb","itemListElement":[{"@type":"ListItem","position":1,"name":"Home","item":"https:\/\/www.munksjo.com\/de\/"},{"@type":"ListItem","position":2,"name":"Datenschutzbestimmungen"}]},{"@type":"WebSite","@id":"https:\/\/www.munksjo.com\/#website","url":"https:\/\/www.munksjo.com\/","name":"Munksj\u00f6","description":"Leading international manufacturer of specialty paper","publisher":{"@id":"https:\/\/www.munksjo.com\/#organization"},"potentialAction":[{"@type":"SearchAction","target":{"@type":"EntryPoint","urlTemplate":"https:\/\/www.munksjo.com\/?s={search_term_string}"},"query-input":{"@type":"PropertyValueSpecification","valueRequired":true,"valueName":"search_term_string"}}],"inLanguage":"de"},{"@type":"Organization","@id":"https:\/\/www.munksjo.com\/#organization","name":"Munksj\u00f6","url":"https:\/\/www.munksjo.com\/","logo":{"@type":"ImageObject","inLanguage":"de","@id":"https:\/\/www.munksjo.com\/#\/schema\/logo\/image\/","url":"https:\/\/www.munksjo.com\/wp-content\/uploads\/2024\/01\/Munksjoe_Logomark_Brand_BlueGreen_negative_1220x312px_72dpi.jpg","contentUrl":"https:\/\/www.munksjo.com\/wp-content\/uploads\/2024\/01\/Munksjoe_Logomark_Brand_BlueGreen_negative_1220x312px_72dpi.jpg","width":1220,"height":312,"caption":"Munksj\u00f6"},"image":{"@id":"https:\/\/www.munksjo.com\/#\/schema\/logo\/image\/"},"sameAs":["https:\/\/www.linkedin.com\/company\/munksjo\/","https:\/\/www.instagram.com\/munksjodecor\/","https:\/\/www.youtube.com\/channel\/UCOHqaJZZLDAKCup3eO-_ujw"]}]}},"_links":{"self":[{"href":"https:\/\/www.munksjo.com\/de\/wp-json\/wp\/v2\/pages\/108228","targetHints":{"allow":["GET"]}}],"collection":[{"href":"https:\/\/www.munksjo.com\/de\/wp-json\/wp\/v2\/pages"}],"about":[{"href":"https:\/\/www.munksjo.com\/de\/wp-json\/wp\/v2\/types\/page"}],"author":[{"embeddable":true,"href":"https:\/\/www.munksjo.com\/de\/wp-json\/wp\/v2\/users\/1"}],"replies":[{"embeddable":true,"href":"https:\/\/www.munksjo.com\/de\/wp-json\/wp\/v2\/comments?post=108228"}],"version-history":[{"count":29,"href":"https:\/\/www.munksjo.com\/de\/wp-json\/wp\/v2\/pages\/108228\/revisions"}],"predecessor-version":[{"id":120188,"href":"https:\/\/www.munksjo.com\/de\/wp-json\/wp\/v2\/pages\/108228\/revisions\/120188"}],"wp:attachment":[{"href":"https:\/\/www.munksjo.com\/de\/wp-json\/wp\/v2\/media?parent=108228"}],"curies":[{"name":"wp","href":"https:\/\/api.w.org\/{rel}","templated":true}]}}