{"id":108240,"date":"2022-03-01T16:32:46","date_gmt":"2022-03-01T15:32:46","guid":{"rendered":"https:\/\/www.munksjo.com\/site-terms\/"},"modified":"2026-03-22T14:23:43","modified_gmt":"2026-03-22T13:23:43","slug":"website-bedingungen","status":"publish","type":"page","link":"https:\/\/www.munksjo.com\/de\/website-bedingungen\/","title":{"rendered":"Website-Bedingungen"},"content":{"rendered":"<div class=\"wpb-content-wrapper\"><p>[vc_row row_height_percent=&#8220;0&#8243; override_padding=&#8220;yes&#8220; h_padding=&#8220;2&#8243; top_padding=&#8220;5&#8243; bottom_padding=&#8220;3&#8243; overlay_alpha=&#8220;50&#8243; gutter_size=&#8220;3&#8243; column_width_percent=&#8220;100&#8243; shift_y=&#8220;0&#8243; z_index=&#8220;0&#8243; uncode_shortcode_id=&#8220;140121&#8243;][vc_column column_width_use_pixel=&#8220;yes&#8220; align_horizontal=&#8220;align_center&#8220; gutter_size=&#8220;2&#8243; overlay_alpha=&#8220;50&#8243; shift_x=&#8220;0&#8243; shift_y=&#8220;0&#8243; shift_y_down=&#8220;0&#8243; z_index=&#8220;0&#8243; medium_width=&#8220;0&#8243; mobile_width=&#8220;0&#8243; width=&#8220;1\/1&#8243; uncode_shortcode_id=&#8220;138619&#8243; column_width_pixel=&#8220;912&#8243;][vc_custom_heading text_height=&#8220;fontheight-909588&#8243; uncode_shortcode_id=&#8220;167734&#8243;]Munksj\u00f6 Website-Bedingungen[\/vc_custom_heading][\/vc_column][\/vc_row][vc_row row_height_percent=&#8220;0&#8243; override_padding=&#8220;yes&#8220; h_padding=&#8220;2&#8243; top_padding=&#8220;0&#8243; bottom_padding=&#8220;3&#8243; overlay_alpha=&#8220;50&#8243; gutter_size=&#8220;3&#8243; column_width_percent=&#8220;100&#8243; shift_y=&#8220;0&#8243; z_index=&#8220;0&#8243; uncode_shortcode_id=&#8220;163080&#8243;][vc_column column_width_use_pixel=&#8220;yes&#8220; gutter_size=&#8220;2&#8243; overlay_alpha=&#8220;50&#8243; shift_x=&#8220;0&#8243; shift_y=&#8220;0&#8243; shift_y_down=&#8220;0&#8243; z_index=&#8220;0&#8243; medium_width=&#8220;0&#8243; mobile_width=&#8220;0&#8243; width=&#8220;1\/1&#8243; uncode_shortcode_id=&#8220;120314&#8243; column_width_pixel=&#8220;912&#8243;][vc_column_text uncode_shortcode_id=&#8220;119049&#8243;]<\/p>\n<h4>Rechtliche Hinweise<\/h4>\n<p>Durch den Zugriff auf die Website von Munksj\u00f6 www. munksjo.com stimmen Sie den folgenden Website-Bedingungen zu. Bitte lesen Sie diese Website-Bedingungen sorgf\u00e4ltig durch, bevor Sie diese Website nutzen. Sie d\u00fcrfen die Munksj\u00f6-Website nicht nutzen, wenn Sie nicht allen der folgenden Website-Bedingungen zustimmen.<\/p>\n<h4>Urheberrechte<\/h4>\n<p>Die Inhalte der Munksj\u00f6-Website sind Eigentum der Munksj\u00f6 Germany Holding GmbH und\/oder ihrer Tochtergesellschaften (im Folgenden als \u201eMunksj\u00f6\u201c bezeichnet). Die Munksj\u00f6-Website ist urheberrechtlich gesch\u00fctzt, wobei alle Urheberrechte bei Munksj\u00f6 verbleiben. Alle Rechte sind der Munksj\u00f6 Germany Holding GmbH vorbehalten.<\/p>\n<p>Die Vervielf\u00e4ltigung, \u00dcbertragung, Verbreitung oder Speicherung eines Teils oder des gesamten Inhalts dieser Website in irgendeiner Form ohne die vorherige schriftliche Genehmigung von Munksj\u00f6 ist untersagt, mit der Ausnahme, dass Sie Kopien von Ausz\u00fcgen dieser Website f\u00fcr Ihren pers\u00f6nlichen Gebrauch in \u00dcbereinstimmung mit diesen Website-Bedingungen auf Ihrem Computer speichern oder ausdrucken d\u00fcrfen . Die Verwendung von Pressemitteilungen und anderen \u00f6ffentlichen Informationen ist gestattet, sofern die Quelle der Informationen ordnungsgem\u00e4\u00df angegeben wird.<\/p>\n<h4>Haftungsausschluss und Haftungsbeschr\u00e4nkung<\/h4>\n<p>Die Inhalte dieser Website werden \u201ewie besehen\u201c und \u201ewie verf\u00fcgbar\u201c und ohne ausdr\u00fcckliche oder stillschweigende Zusicherungen oder Gew\u00e4hrleistungen in Bezug auf die Vollst\u00e4ndigkeit, Richtigkeit, Genauigkeit, Zuverl\u00e4ssigkeit, Funktionalit\u00e4t oder Authentizit\u00e4t dieser Website oder auf andere Weise bereitgestellt. Obwohl Munksj\u00f6 alle auf der Website ver\u00f6ffentlichten Dokumente gr\u00fcndlich \u00fcberpr\u00fcft, kann jede auf der Website ver\u00f6ffentlichte Dokumentation von Munksj\u00f6 Ungenauigkeiten oder Fehler enthalten. Munksj\u00f6 beh\u00e4lt sich das Recht vor, diese Website jederzeit ohne Vorank\u00fcndigung zu \u00fcberarbeiten, zu aktualisieren oder zu \u00e4ndern oder den Zugriff darauf zu sperren. Munksj\u00f6 garantiert nicht, dass diese Website oder der Server, der sie zur Verf\u00fcgung stellt, frei von Viren oder anderen sch\u00e4dlichen Komponenten ist.<\/p>\n<p>UNTER KEINEN UMST\u00c4NDEN HAFTET MUNKSJ\u00d6 F\u00dcR DIREKTE, INDIREKTE, SPEZIELLE, ZUF\u00c4LLIGE, FOLGESCH\u00c4DEN ODER SONSTIGE SCH\u00c4DEN, VERLUSTE ODER AUSGABEN, DIE SICH AUS DER NUTZUNG, VERSUCHTEN NUTZUNG ODER DER UNM\u00d6GLICHKEIT DER NUTZUNG DER INHALTE DIESER WEBSITE ODER IM ZUSAMMENHANG MIT DEM ZUGRIFF AUF DIE SEITEN VON MUNKSJ\u00d6 ODER AUF DAMIT VERLINKTE SEITEN ODER IM ZUSAMMENHANG MIT EINEM LEISTUNGSAUSFALL, FEHLER, AUSLASSUNG, UNTERBRECHUNG, DEFEKT, VERZ\u00d6GERUNG BEI BETRIEB ODER \u00dcBERTRAGUNG, COMPUTERVIRUS ODER LEITUNGS- ODER SYSTEMFEHLER ERGEBEN.<\/p>\n<p>DA EINIGE GERICHTSBARKEITEN DEN AUSSCHLUSS BESTIMMTER GEW\u00c4HRLEISTUNGEN ODER HAFTUNGSBESCHR\u00c4NKUNGEN NICHT ERLAUBEN, IST DIE HAFTUNG VON MUNKSJ\u00d6 IN DIESEM FALL AUF DEN GR\u00d6SSTEN GESETZLICH ZUL\u00c4SSIGEN UMFANG BESCHR\u00c4NKT.<\/p>\n<h4>\u00dcbermittlung von Informationen oder Material<\/h4>\n<p>Durch die \u00dcbermittlung von Informationen oder Material an diese Website stimmen Sie den folgenden Bedingungen zu: (i) Solche Informationen oder Materialien werden von Ihnen in dem Wissen zur Verf\u00fcgung gestellt, dass sie nicht vertraulich und nicht urheberrechtlich gesch\u00fctzt sind und von Munksj\u00f6 ver\u00f6ffentlicht werden k\u00f6nnen; (ii) Sie versichern und garantieren, dass solche Informationen oder Materialien zur Ver\u00f6ffentlichung geeignet sind und nichts enthalten, das rechtswidrig oder anderweitig zur Ver\u00f6ffentlichung ungeeignet ist; (iii) Sie werden sich nach besten Kr\u00e4ften bem\u00fchen, Viren oder andere kontaminierende oder sch\u00e4dliche Merkmale zu scannen und zu entfernen, bevor Sie Informationen oder Materialien \u00fcbermitteln; (iv) Sie erkl\u00e4ren sich damit einverstanden, Munksj\u00f6 schadlos zu halten, wenn Dritte in Bezug auf solche von Ihnen \u00fcbermittelten Informationen oder Materialien Ma\u00dfnahmen gegen Munksj\u00f6 ergreifen; (v) Sie sind Eigent\u00fcmer solcher Informationen oder Materialien und\/oder haben das uneingeschr\u00e4nkte Recht, sie an Munksj\u00f6 zu \u00fcbermitteln, und Munksj\u00f6 kann die Materialien ver\u00f6ffentlichen und\/oder sie oder darin beschriebene Konzepte in ihre Produkte oder Prozesse integrieren, ohne daf\u00fcr verantwortlich zu sein oder f\u00fcr eine Entsch\u00e4digung zu haften ; und (vi) Sie stimmen zu, keine Ma\u00dfnahmen gegen Munksj\u00f6 in Bezug auf solches von Ihnen eingereichtes Material zu ergreifen.<\/p>\n<h4>Externe Links<\/h4>\n<p>Diese Website kann Links zu Websites im Internet enthalten, die Dritten geh\u00f6ren oder von Dritten betrieben werden. Munksj\u00f6 hat keine Kontrolle \u00fcber den Inhalt von Websites Dritter und \u00fcbernimmt keine Verantwortung f\u00fcr Material, das von solchen Websites Dritter erstellt oder ver\u00f6ffentlicht wird.[\/vc_column_text][\/vc_column][\/vc_row]<\/p>\n<\/div>","protected":false},"excerpt":{"rendered":"<p>[vc_row row_height_percent=&#8220;0&#8243; override_padding=&#8220;yes&#8220; h_padding=&#8220;2&#8243; top_padding=&#8220;5&#8243; bottom_padding=&#8220;3&#8243; overlay_alpha=&#8220;50&#8243; gutter_size=&#8220;3&#8243; column_width_percent=&#8220;100&#8243; shift_y=&#8220;0&#8243; z_index=&#8220;0&#8243; uncode_shortcode_id=&#8220;140121&#8243;][vc_column column_width_use_pixel=&#8220;yes&#8220; align_horizontal=&#8220;align_center&#8220; gutter_size=&#8220;2&#8243; overlay_alpha=&#8220;50&#8243; shift_x=&#8220;0&#8243; shift_y=&#8220;0&#8243; shift_y_down=&#8220;0&#8243; z_index=&#8220;0&#8243; [&hellip;]<\/p>\n","protected":false},"author":1,"featured_media":0,"parent":0,"menu_order":30,"comment_status":"closed","ping_status":"closed","template":"","meta":{"_acf_changed":false,"iawp_total_views":65,"footnotes":""},"class_list":["post-108240","page","type-page","status-publish","hentry"],"acf":[],"yoast_head":"<!-- This site is optimized with the Yoast SEO plugin v27.4 - https:\/\/yoast.com\/product\/yoast-seo-wordpress\/ -->\n<title>Website-Bedingungen - Munksj\u00f6<\/title>\n<meta name=\"description\" content=\"Informieren Sie sich \u00fcber die Nutzungsbedingungen, denen Sie zustimmen, wenn Sie die Munksj\u00f6-Website nutzen und darauf zugreifen. Hier finden Sie auch unsere rechtlichen Hinweise und Kontakte.\" \/>\n<meta name=\"robots\" content=\"index, follow, max-snippet:-1, max-image-preview:large, max-video-preview:-1\" \/>\n<link rel=\"canonical\" href=\"https:\/\/www.munksjo.com\/de\/website-bedingungen\/\" \/>\n<meta property=\"og:locale\" content=\"de_DE\" \/>\n<meta property=\"og:type\" content=\"article\" \/>\n<meta property=\"og:title\" content=\"Website-Bedingungen - Munksj\u00f6\" \/>\n<meta property=\"og:description\" content=\"Informieren Sie sich \u00fcber die Nutzungsbedingungen, denen Sie zustimmen, wenn Sie die Munksj\u00f6-Website nutzen und darauf zugreifen. Hier finden Sie auch unsere rechtlichen Hinweise und Kontakte.\" \/>\n<meta property=\"og:url\" content=\"https:\/\/www.munksjo.com\/de\/website-bedingungen\/\" \/>\n<meta property=\"og:site_name\" content=\"Munksj\u00f6\" \/>\n<meta property=\"article:modified_time\" content=\"2026-03-22T13:23:43+00:00\" \/>\n<meta name=\"twitter:card\" content=\"summary_large_image\" \/>\n<meta name=\"twitter:label1\" content=\"Gesch\u00e4tzte Lesezeit\" \/>\n\t<meta name=\"twitter:data1\" content=\"3\u00a0Minuten\" \/>\n<script type=\"application\/ld+json\" class=\"yoast-schema-graph\">{\"@context\":\"https:\\\/\\\/schema.org\",\"@graph\":[{\"@type\":\"WebPage\",\"@id\":\"https:\\\/\\\/www.munksjo.com\\\/de\\\/website-bedingungen\\\/\",\"url\":\"https:\\\/\\\/www.munksjo.com\\\/de\\\/website-bedingungen\\\/\",\"name\":\"Website-Bedingungen - Munksj\u00f6\",\"isPartOf\":{\"@id\":\"https:\\\/\\\/www.munksjo.com\\\/#website\"},\"datePublished\":\"2022-03-01T15:32:46+00:00\",\"dateModified\":\"2026-03-22T13:23:43+00:00\",\"description\":\"Informieren Sie sich \u00fcber die Nutzungsbedingungen, denen Sie zustimmen, wenn Sie die Munksj\u00f6-Website nutzen und darauf zugreifen. Hier finden Sie auch unsere rechtlichen Hinweise und Kontakte.\",\"breadcrumb\":{\"@id\":\"https:\\\/\\\/www.munksjo.com\\\/de\\\/website-bedingungen\\\/#breadcrumb\"},\"inLanguage\":\"de\",\"potentialAction\":[{\"@type\":\"ReadAction\",\"target\":[\"https:\\\/\\\/www.munksjo.com\\\/de\\\/website-bedingungen\\\/\"]}]},{\"@type\":\"BreadcrumbList\",\"@id\":\"https:\\\/\\\/www.munksjo.com\\\/de\\\/website-bedingungen\\\/#breadcrumb\",\"itemListElement\":[{\"@type\":\"ListItem\",\"position\":1,\"name\":\"Home\",\"item\":\"https:\\\/\\\/www.munksjo.com\\\/de\\\/\"},{\"@type\":\"ListItem\",\"position\":2,\"name\":\"Website-Bedingungen\"}]},{\"@type\":\"WebSite\",\"@id\":\"https:\\\/\\\/www.munksjo.com\\\/#website\",\"url\":\"https:\\\/\\\/www.munksjo.com\\\/\",\"name\":\"Munksj\u00f6\",\"description\":\"Leading international manufacturer of specialty paper\",\"publisher\":{\"@id\":\"https:\\\/\\\/www.munksjo.com\\\/#organization\"},\"potentialAction\":[{\"@type\":\"SearchAction\",\"target\":{\"@type\":\"EntryPoint\",\"urlTemplate\":\"https:\\\/\\\/www.munksjo.com\\\/?s={search_term_string}\"},\"query-input\":{\"@type\":\"PropertyValueSpecification\",\"valueRequired\":true,\"valueName\":\"search_term_string\"}}],\"inLanguage\":\"de\"},{\"@type\":\"Organization\",\"@id\":\"https:\\\/\\\/www.munksjo.com\\\/#organization\",\"name\":\"Munksj\u00f6\",\"url\":\"https:\\\/\\\/www.munksjo.com\\\/\",\"logo\":{\"@type\":\"ImageObject\",\"inLanguage\":\"de\",\"@id\":\"https:\\\/\\\/www.munksjo.com\\\/#\\\/schema\\\/logo\\\/image\\\/\",\"url\":\"https:\\\/\\\/www.munksjo.com\\\/wp-content\\\/uploads\\\/2024\\\/01\\\/Munksjoe_Logomark_Brand_BlueGreen_negative_1220x312px_72dpi.jpg\",\"contentUrl\":\"https:\\\/\\\/www.munksjo.com\\\/wp-content\\\/uploads\\\/2024\\\/01\\\/Munksjoe_Logomark_Brand_BlueGreen_negative_1220x312px_72dpi.jpg\",\"width\":1220,\"height\":312,\"caption\":\"Munksj\u00f6\"},\"image\":{\"@id\":\"https:\\\/\\\/www.munksjo.com\\\/#\\\/schema\\\/logo\\\/image\\\/\"},\"sameAs\":[\"https:\\\/\\\/www.linkedin.com\\\/company\\\/munksjo\\\/\",\"https:\\\/\\\/www.instagram.com\\\/munksjodecor\\\/\",\"https:\\\/\\\/www.youtube.com\\\/channel\\\/UCOHqaJZZLDAKCup3eO-_ujw\"]}]}<\/script>\n<!-- \/ Yoast SEO plugin. -->","yoast_head_json":{"title":"Website-Bedingungen - Munksj\u00f6","description":"Informieren Sie sich \u00fcber die Nutzungsbedingungen, denen Sie zustimmen, wenn Sie die Munksj\u00f6-Website nutzen und darauf zugreifen. Hier finden Sie auch unsere rechtlichen Hinweise und Kontakte.","robots":{"index":"index","follow":"follow","max-snippet":"max-snippet:-1","max-image-preview":"max-image-preview:large","max-video-preview":"max-video-preview:-1"},"canonical":"https:\/\/www.munksjo.com\/de\/website-bedingungen\/","og_locale":"de_DE","og_type":"article","og_title":"Website-Bedingungen - Munksj\u00f6","og_description":"Informieren Sie sich \u00fcber die Nutzungsbedingungen, denen Sie zustimmen, wenn Sie die Munksj\u00f6-Website nutzen und darauf zugreifen. Hier finden Sie auch unsere rechtlichen Hinweise und Kontakte.","og_url":"https:\/\/www.munksjo.com\/de\/website-bedingungen\/","og_site_name":"Munksj\u00f6","article_modified_time":"2026-03-22T13:23:43+00:00","twitter_card":"summary_large_image","twitter_misc":{"Gesch\u00e4tzte Lesezeit":"3\u00a0Minuten"},"schema":{"@context":"https:\/\/schema.org","@graph":[{"@type":"WebPage","@id":"https:\/\/www.munksjo.com\/de\/website-bedingungen\/","url":"https:\/\/www.munksjo.com\/de\/website-bedingungen\/","name":"Website-Bedingungen - Munksj\u00f6","isPartOf":{"@id":"https:\/\/www.munksjo.com\/#website"},"datePublished":"2022-03-01T15:32:46+00:00","dateModified":"2026-03-22T13:23:43+00:00","description":"Informieren Sie sich \u00fcber die Nutzungsbedingungen, denen Sie zustimmen, wenn Sie die Munksj\u00f6-Website nutzen und darauf zugreifen. Hier finden Sie auch unsere rechtlichen Hinweise und Kontakte.","breadcrumb":{"@id":"https:\/\/www.munksjo.com\/de\/website-bedingungen\/#breadcrumb"},"inLanguage":"de","potentialAction":[{"@type":"ReadAction","target":["https:\/\/www.munksjo.com\/de\/website-bedingungen\/"]}]},{"@type":"BreadcrumbList","@id":"https:\/\/www.munksjo.com\/de\/website-bedingungen\/#breadcrumb","itemListElement":[{"@type":"ListItem","position":1,"name":"Home","item":"https:\/\/www.munksjo.com\/de\/"},{"@type":"ListItem","position":2,"name":"Website-Bedingungen"}]},{"@type":"WebSite","@id":"https:\/\/www.munksjo.com\/#website","url":"https:\/\/www.munksjo.com\/","name":"Munksj\u00f6","description":"Leading international manufacturer of specialty paper","publisher":{"@id":"https:\/\/www.munksjo.com\/#organization"},"potentialAction":[{"@type":"SearchAction","target":{"@type":"EntryPoint","urlTemplate":"https:\/\/www.munksjo.com\/?s={search_term_string}"},"query-input":{"@type":"PropertyValueSpecification","valueRequired":true,"valueName":"search_term_string"}}],"inLanguage":"de"},{"@type":"Organization","@id":"https:\/\/www.munksjo.com\/#organization","name":"Munksj\u00f6","url":"https:\/\/www.munksjo.com\/","logo":{"@type":"ImageObject","inLanguage":"de","@id":"https:\/\/www.munksjo.com\/#\/schema\/logo\/image\/","url":"https:\/\/www.munksjo.com\/wp-content\/uploads\/2024\/01\/Munksjoe_Logomark_Brand_BlueGreen_negative_1220x312px_72dpi.jpg","contentUrl":"https:\/\/www.munksjo.com\/wp-content\/uploads\/2024\/01\/Munksjoe_Logomark_Brand_BlueGreen_negative_1220x312px_72dpi.jpg","width":1220,"height":312,"caption":"Munksj\u00f6"},"image":{"@id":"https:\/\/www.munksjo.com\/#\/schema\/logo\/image\/"},"sameAs":["https:\/\/www.linkedin.com\/company\/munksjo\/","https:\/\/www.instagram.com\/munksjodecor\/","https:\/\/www.youtube.com\/channel\/UCOHqaJZZLDAKCup3eO-_ujw"]}]}},"_links":{"self":[{"href":"https:\/\/www.munksjo.com\/de\/wp-json\/wp\/v2\/pages\/108240","targetHints":{"allow":["GET"]}}],"collection":[{"href":"https:\/\/www.munksjo.com\/de\/wp-json\/wp\/v2\/pages"}],"about":[{"href":"https:\/\/www.munksjo.com\/de\/wp-json\/wp\/v2\/types\/page"}],"author":[{"embeddable":true,"href":"https:\/\/www.munksjo.com\/de\/wp-json\/wp\/v2\/users\/1"}],"replies":[{"embeddable":true,"href":"https:\/\/www.munksjo.com\/de\/wp-json\/wp\/v2\/comments?post=108240"}],"version-history":[{"count":11,"href":"https:\/\/www.munksjo.com\/de\/wp-json\/wp\/v2\/pages\/108240\/revisions"}],"predecessor-version":[{"id":119659,"href":"https:\/\/www.munksjo.com\/de\/wp-json\/wp\/v2\/pages\/108240\/revisions\/119659"}],"wp:attachment":[{"href":"https:\/\/www.munksjo.com\/de\/wp-json\/wp\/v2\/media?parent=108240"}],"curies":[{"name":"wp","href":"https:\/\/api.w.org\/{rel}","templated":true}]}}