{"id":119045,"date":"2023-03-21T17:11:34","date_gmt":"2023-03-21T16:11:34","guid":{"rendered":"https:\/\/www.munksjo.com\/press-releases-and-news\/"},"modified":"2026-03-22T14:24:55","modified_gmt":"2026-03-22T13:24:55","slug":"pressemitteilungen-und-news","status":"publish","type":"page","link":"https:\/\/www.munksjo.com\/de\/pressemitteilungen-und-news\/","title":{"rendered":"Pressemitteilungen und News"},"content":{"rendered":"<div class=\"wpb-content-wrapper\"><p>[vc_row row_height_percent=&#8220;0&#8243; override_padding=&#8220;yes&#8220; h_padding=&#8220;2&#8243; top_padding=&#8220;2&#8243; bottom_padding=&#8220;3&#8243; overlay_alpha=&#8220;50&#8243; gutter_size=&#8220;3&#8243; column_width_percent=&#8220;100&#8243; shift_y=&#8220;0&#8243; z_index=&#8220;0&#8243; uncode_shortcode_id=&#8220;146157&#8243; el_class=&#8220;pnl-a&#8220;][vc_column column_width_percent=&#8220;100&#8243; gutter_size=&#8220;0&#8243; override_padding=&#8220;yes&#8220; column_padding=&#8220;0&#8243; overlay_alpha=&#8220;50&#8243; shift_x=&#8220;0&#8243; shift_y=&#8220;0&#8243; shift_y_down=&#8220;0&#8243; z_index=&#8220;0&#8243; medium_width=&#8220;0&#8243; mobile_width=&#8220;0&#8243; width=&#8220;1\/1&#8243; uncode_shortcode_id=&#8220;198445&#8243;][vc_empty_space empty_h=&#8220;3&#8243;][vc_row_inner row_inner_height_percent=&#8220;0&#8243; overlay_alpha=&#8220;50&#8243; gutter_size=&#8220;3&#8243; shift_y=&#8220;0&#8243; z_index=&#8220;0&#8243; limit_content=&#8220;&#8220; uncode_shortcode_id=&#8220;150543&#8243;][vc_column_inner column_width_use_pixel=&#8220;yes&#8220; align_horizontal=&#8220;align_center&#8220; gutter_size=&#8220;3&#8243; override_padding=&#8220;yes&#8220; column_padding=&#8220;3&#8243; style=&#8220;dark&#8220; back_color=&#8220;color-228529&#8243; overlay_alpha=&#8220;50&#8243; shift_x=&#8220;0&#8243; shift_y=&#8220;0&#8243; shift_y_down=&#8220;0&#8243; z_index=&#8220;0&#8243; medium_width=&#8220;0&#8243; mobile_width=&#8220;0&#8243; width=&#8220;1\/1&#8243; uncode_shortcode_id=&#8220;145106&#8243; back_color_type=&#8220;uncode-palette&#8220; column_width_pixel=&#8220;560&#8243;][vc_custom_heading text_color=&#8220;color-xsdn&#8220; heading_semantic=&#8220;h1&#8243; text_height=&#8220;fontheight-909588&#8243; uncode_shortcode_id=&#8220;137880&#8243; text_color_type=&#8220;uncode-palette&#8220;]Pressemitteilungen und News[\/vc_custom_heading][vc_custom_heading text_color=&#8220;color-xsdn&#8220; heading_semantic=&#8220;p&#8220; text_size=&#8220;h4&#8243; text_height=&#8220;fontheight-909588&#8243; uncode_shortcode_id=&#8220;788482&#8243; text_color_type=&#8220;uncode-palette&#8220;]Hier finden Sie die neuesten Meldungen aus dem Hause Munksj\u00f6.[\/vc_custom_heading][\/vc_column_inner][\/vc_row_inner][\/vc_column][\/vc_row][vc_row row_height_percent=&#8220;0&#8243; override_padding=&#8220;yes&#8220; h_padding=&#8220;3&#8243; top_padding=&#8220;2&#8243; bottom_padding=&#8220;3&#8243; overlay_alpha=&#8220;50&#8243; gutter_size=&#8220;3&#8243; column_width_percent=&#8220;100&#8243; shift_y=&#8220;0&#8243; z_index=&#8220;0&#8243; uncode_shortcode_id=&#8220;192831&#8243; row_name=&#8220;code of conduct&#8220;][vc_column column_width_percent=&#8220;100&#8243; gutter_size=&#8220;2&#8243; overlay_alpha=&#8220;50&#8243; shift_x=&#8220;0&#8243; shift_y=&#8220;0&#8243; shift_y_down=&#8220;0&#8243; z_index=&#8220;0&#8243; medium_width=&#8220;0&#8243; mobile_width=&#8220;0&#8243; width=&#8220;1\/1&#8243; uncode_shortcode_id=&#8220;785339&#8243; el_class=&#8220;dnlwds&#8220;][vc_row_inner row_inner_height_percent=&#8220;0&#8243; back_color=&#8220;color-168729&#8243; overlay_alpha=&#8220;50&#8243; gutter_size=&#8220;3&#8243; shift_y=&#8220;0&#8243; z_index=&#8220;0&#8243; uncode_shortcode_id=&#8220;664414&#8243; back_color_type=&#8220;uncode-palette&#8220; limit_content=&#8220;&#8220;][vc_column_inner width=&#8220;1\/1&#8243;][vc_icon position=&#8220;right&#8220; space_reduced=&#8220;yes&#8220; icon=&#8220;fa fa-cloud-download2&#8243; text_size=&#8220;h4&#8243; linked_title=&#8220;yes&#8220; uncode_shortcode_id=&#8220;156836&#8243; title=&#8220;Munksj\u00f6 to showcase its distinctive offer of decor paper solutions at Interzum Guangzhou 2024&#8243; link=&#8220;url:https%3A%2F%2Fwww.munksjo.com%2Fwp-content%2Fuploads%2F2024%2F03%2FInterzum-Guangzhou-PR.pdf|target:_blank&#8220;][\/vc_icon][\/vc_column_inner][\/vc_row_inner][vc_row_inner row_inner_height_percent=&#8220;0&#8243; back_color=&#8220;color-168729&#8243; overlay_alpha=&#8220;50&#8243; gutter_size=&#8220;3&#8243; shift_y=&#8220;0&#8243; z_index=&#8220;0&#8243; uncode_shortcode_id=&#8220;664414&#8243; back_color_type=&#8220;uncode-palette&#8220; limit_content=&#8220;&#8220;][vc_column_inner width=&#8220;1\/1&#8243;][vc_icon position=&#8220;right&#8220; space_reduced=&#8220;yes&#8220; icon=&#8220;fa fa-cloud-download2&#8243; text_size=&#8220;h4&#8243; linked_title=&#8220;yes&#8220; uncode_shortcode_id=&#8220;193953&#8243; title=&#8220;Munksj\u00f6 refurbishes the drying section of its paper machine in Tolosa plant, supported by FEDER funds&#8220; link=&#8220;url:https%3A%2F%2Fwww.munksjo.com%2Fwp-content%2Fuploads%2F2024%2F01%2FMunksjo_refurbishes_PM11_supported_by_FEDER.pdf|target:_blank&#8220;][\/vc_icon][\/vc_column_inner][\/vc_row_inner][vc_row_inner row_inner_height_percent=&#8220;0&#8243; back_color=&#8220;color-168729&#8243; overlay_alpha=&#8220;50&#8243; gutter_size=&#8220;3&#8243; shift_y=&#8220;0&#8243; z_index=&#8220;0&#8243; uncode_shortcode_id=&#8220;664414&#8243; back_color_type=&#8220;uncode-palette&#8220; limit_content=&#8220;&#8220;][vc_column_inner width=&#8220;1\/1&#8243;][vc_icon position=&#8220;right&#8220; space_reduced=&#8220;yes&#8220; icon=&#8220;fa fa-cloud-download2&#8243; text_size=&#8220;h4&#8243; linked_title=&#8220;yes&#8220; uncode_shortcode_id=&#8220;207649&#8243; title=&#8220;Munksj\u00f6 pr\u00e4sentiert auf der Interzum K\u00f6ln seine innovativen Dekorpapiere&#8220; link=&#8220;url:https%3A%2F%2Fwww.munksjo.com%2Fwp-content%2Fuploads%2F2023%2F04%2FInterzum-Cologne-PR_germ.pdf|target:_blank&#8220;][\/vc_icon][\/vc_column_inner][\/vc_row_inner][vc_row_inner row_inner_height_percent=&#8220;0&#8243; back_color=&#8220;color-168729&#8243; overlay_alpha=&#8220;50&#8243; gutter_size=&#8220;3&#8243; shift_y=&#8220;0&#8243; z_index=&#8220;0&#8243; uncode_shortcode_id=&#8220;664414&#8243; back_color_type=&#8220;uncode-palette&#8220; limit_content=&#8220;&#8220;][vc_column_inner width=&#8220;1\/1&#8243;][vc_icon position=&#8220;right&#8220; space_reduced=&#8220;yes&#8220; icon=&#8220;fa fa-cloud-download2&#8243; text_size=&#8220;h4&#8243; linked_title=&#8220;yes&#8220; uncode_shortcode_id=&#8220;212576&#8243; title=&#8220;Munksj\u00f6 appoints Manfred Bracher as CEO_Mar23&#8243; link=&#8220;url:https%3A%2F%2Fwww.munksjo.com%2Fwp-content%2Fuploads%2F2023%2F03%2FMunksjo-appoints-Manfred-Bracher-as-CEO_Mar23.pdf|target:_blank&#8220;][\/vc_icon][\/vc_column_inner][\/vc_row_inner][vc_row_inner row_inner_height_percent=&#8220;0&#8243; back_color=&#8220;color-168729&#8243; overlay_alpha=&#8220;50&#8243; gutter_size=&#8220;3&#8243; shift_y=&#8220;0&#8243; z_index=&#8220;0&#8243; uncode_shortcode_id=&#8220;664414&#8243; back_color_type=&#8220;uncode-palette&#8220; limit_content=&#8220;&#8220;][vc_column_inner width=&#8220;1\/1&#8243;][vc_icon position=&#8220;right&#8220; space_reduced=&#8220;yes&#8220; icon=&#8220;fa fa-cloud-download2&#8243; text_size=&#8220;h4&#8243; linked_title=&#8220;yes&#8220; uncode_shortcode_id=&#8220;397564&#8243; title=&#8220;Supported by FEDER funds, Munksj\u00f6 improves one of its paper machines in its Tolosa plant, Spain&#8220; link=&#8220;url:https%3A%2F%2Fwww.munksjo.com%2Fwp-content%2Fuploads%2F2023%2F03%2FPR_FEDER_Funds.pdf|target:_blank&#8220;][\/vc_icon][\/vc_column_inner][\/vc_row_inner][\/vc_column][\/vc_row]<\/p>\n<\/div>","protected":false},"excerpt":{"rendered":"<p>[vc_row row_height_percent=&#8220;0&#8243; override_padding=&#8220;yes&#8220; h_padding=&#8220;2&#8243; top_padding=&#8220;2&#8243; bottom_padding=&#8220;3&#8243; overlay_alpha=&#8220;50&#8243; gutter_size=&#8220;3&#8243; column_width_percent=&#8220;100&#8243; shift_y=&#8220;0&#8243; z_index=&#8220;0&#8243; uncode_shortcode_id=&#8220;146157&#8243; el_class=&#8220;pnl-a&#8220;][vc_column column_width_percent=&#8220;100&#8243; gutter_size=&#8220;0&#8243; override_padding=&#8220;yes&#8220; column_padding=&#8220;0&#8243; overlay_alpha=&#8220;50&#8243; shift_x=&#8220;0&#8243; shift_y=&#8220;0&#8243; [&hellip;]<\/p>\n","protected":false},"author":1,"featured_media":0,"parent":0,"menu_order":126,"comment_status":"closed","ping_status":"closed","template":"","meta":{"_acf_changed":false,"iawp_total_views":112,"footnotes":""},"class_list":["post-119045","page","type-page","status-publish","hentry"],"acf":[],"yoast_head":"<!-- This site is optimized with the Yoast SEO plugin v27.4 - https:\/\/yoast.com\/product\/yoast-seo-wordpress\/ -->\n<title>Pressemitteilungen und News - Munksj\u00f6<\/title>\n<meta name=\"description\" content=\"Munksj\u00f6 betreut \u00fcber 350 Kunden in mehr als 50 L\u00e4ndern. Seit \u00fcber 25 Jahren steht unsere Marke im Dekorpapiermarkt f\u00fcr Zuverl\u00e4ssigkeit und stabile Partnerschaften mit Kunden und Lieferanten.\" \/>\n<meta name=\"robots\" content=\"index, follow, max-snippet:-1, max-image-preview:large, max-video-preview:-1\" \/>\n<link rel=\"canonical\" href=\"https:\/\/www.munksjo.com\/de\/pressemitteilungen-und-news\/\" \/>\n<meta property=\"og:locale\" content=\"de_DE\" \/>\n<meta property=\"og:type\" content=\"article\" \/>\n<meta property=\"og:title\" content=\"Pressemitteilungen und News - Munksj\u00f6\" \/>\n<meta property=\"og:description\" content=\"Munksj\u00f6 betreut \u00fcber 350 Kunden in mehr als 50 L\u00e4ndern. Seit \u00fcber 25 Jahren steht unsere Marke im Dekorpapiermarkt f\u00fcr Zuverl\u00e4ssigkeit und stabile Partnerschaften mit Kunden und Lieferanten.\" \/>\n<meta property=\"og:url\" content=\"https:\/\/www.munksjo.com\/de\/pressemitteilungen-und-news\/\" \/>\n<meta property=\"og:site_name\" content=\"Munksj\u00f6\" \/>\n<meta property=\"article:modified_time\" content=\"2026-03-22T13:24:55+00:00\" \/>\n<meta name=\"twitter:card\" content=\"summary_large_image\" \/>\n<meta name=\"twitter:label1\" content=\"Gesch\u00e4tzte Lesezeit\" \/>\n\t<meta name=\"twitter:data1\" content=\"2\u00a0Minuten\" \/>\n<script type=\"application\/ld+json\" class=\"yoast-schema-graph\">{\"@context\":\"https:\\\/\\\/schema.org\",\"@graph\":[{\"@type\":\"WebPage\",\"@id\":\"https:\\\/\\\/www.munksjo.com\\\/de\\\/pressemitteilungen-und-news\\\/\",\"url\":\"https:\\\/\\\/www.munksjo.com\\\/de\\\/pressemitteilungen-und-news\\\/\",\"name\":\"Pressemitteilungen und News - Munksj\u00f6\",\"isPartOf\":{\"@id\":\"https:\\\/\\\/www.munksjo.com\\\/#website\"},\"datePublished\":\"2023-03-21T16:11:34+00:00\",\"dateModified\":\"2026-03-22T13:24:55+00:00\",\"description\":\"Munksj\u00f6 betreut \u00fcber 350 Kunden in mehr als 50 L\u00e4ndern. Seit \u00fcber 25 Jahren steht unsere Marke im Dekorpapiermarkt f\u00fcr Zuverl\u00e4ssigkeit und stabile Partnerschaften mit Kunden und Lieferanten.\",\"breadcrumb\":{\"@id\":\"https:\\\/\\\/www.munksjo.com\\\/de\\\/pressemitteilungen-und-news\\\/#breadcrumb\"},\"inLanguage\":\"de\",\"potentialAction\":[{\"@type\":\"ReadAction\",\"target\":[\"https:\\\/\\\/www.munksjo.com\\\/de\\\/pressemitteilungen-und-news\\\/\"]}]},{\"@type\":\"BreadcrumbList\",\"@id\":\"https:\\\/\\\/www.munksjo.com\\\/de\\\/pressemitteilungen-und-news\\\/#breadcrumb\",\"itemListElement\":[{\"@type\":\"ListItem\",\"position\":1,\"name\":\"Home\",\"item\":\"https:\\\/\\\/www.munksjo.com\\\/de\\\/\"},{\"@type\":\"ListItem\",\"position\":2,\"name\":\"Pressemitteilungen und News\"}]},{\"@type\":\"WebSite\",\"@id\":\"https:\\\/\\\/www.munksjo.com\\\/#website\",\"url\":\"https:\\\/\\\/www.munksjo.com\\\/\",\"name\":\"Munksj\u00f6\",\"description\":\"Leading international manufacturer of specialty paper\",\"publisher\":{\"@id\":\"https:\\\/\\\/www.munksjo.com\\\/#organization\"},\"potentialAction\":[{\"@type\":\"SearchAction\",\"target\":{\"@type\":\"EntryPoint\",\"urlTemplate\":\"https:\\\/\\\/www.munksjo.com\\\/?s={search_term_string}\"},\"query-input\":{\"@type\":\"PropertyValueSpecification\",\"valueRequired\":true,\"valueName\":\"search_term_string\"}}],\"inLanguage\":\"de\"},{\"@type\":\"Organization\",\"@id\":\"https:\\\/\\\/www.munksjo.com\\\/#organization\",\"name\":\"Munksj\u00f6\",\"url\":\"https:\\\/\\\/www.munksjo.com\\\/\",\"logo\":{\"@type\":\"ImageObject\",\"inLanguage\":\"de\",\"@id\":\"https:\\\/\\\/www.munksjo.com\\\/#\\\/schema\\\/logo\\\/image\\\/\",\"url\":\"https:\\\/\\\/www.munksjo.com\\\/wp-content\\\/uploads\\\/2024\\\/01\\\/Munksjoe_Logomark_Brand_BlueGreen_negative_1220x312px_72dpi.jpg\",\"contentUrl\":\"https:\\\/\\\/www.munksjo.com\\\/wp-content\\\/uploads\\\/2024\\\/01\\\/Munksjoe_Logomark_Brand_BlueGreen_negative_1220x312px_72dpi.jpg\",\"width\":1220,\"height\":312,\"caption\":\"Munksj\u00f6\"},\"image\":{\"@id\":\"https:\\\/\\\/www.munksjo.com\\\/#\\\/schema\\\/logo\\\/image\\\/\"},\"sameAs\":[\"https:\\\/\\\/www.linkedin.com\\\/company\\\/munksjo\\\/\",\"https:\\\/\\\/www.instagram.com\\\/munksjodecor\\\/\",\"https:\\\/\\\/www.youtube.com\\\/channel\\\/UCOHqaJZZLDAKCup3eO-_ujw\"]}]}<\/script>\n<!-- \/ Yoast SEO plugin. -->","yoast_head_json":{"title":"Pressemitteilungen und News - Munksj\u00f6","description":"Munksj\u00f6 betreut \u00fcber 350 Kunden in mehr als 50 L\u00e4ndern. Seit \u00fcber 25 Jahren steht unsere Marke im Dekorpapiermarkt f\u00fcr Zuverl\u00e4ssigkeit und stabile Partnerschaften mit Kunden und Lieferanten.","robots":{"index":"index","follow":"follow","max-snippet":"max-snippet:-1","max-image-preview":"max-image-preview:large","max-video-preview":"max-video-preview:-1"},"canonical":"https:\/\/www.munksjo.com\/de\/pressemitteilungen-und-news\/","og_locale":"de_DE","og_type":"article","og_title":"Pressemitteilungen und News - Munksj\u00f6","og_description":"Munksj\u00f6 betreut \u00fcber 350 Kunden in mehr als 50 L\u00e4ndern. Seit \u00fcber 25 Jahren steht unsere Marke im Dekorpapiermarkt f\u00fcr Zuverl\u00e4ssigkeit und stabile Partnerschaften mit Kunden und Lieferanten.","og_url":"https:\/\/www.munksjo.com\/de\/pressemitteilungen-und-news\/","og_site_name":"Munksj\u00f6","article_modified_time":"2026-03-22T13:24:55+00:00","twitter_card":"summary_large_image","twitter_misc":{"Gesch\u00e4tzte Lesezeit":"2\u00a0Minuten"},"schema":{"@context":"https:\/\/schema.org","@graph":[{"@type":"WebPage","@id":"https:\/\/www.munksjo.com\/de\/pressemitteilungen-und-news\/","url":"https:\/\/www.munksjo.com\/de\/pressemitteilungen-und-news\/","name":"Pressemitteilungen und News - Munksj\u00f6","isPartOf":{"@id":"https:\/\/www.munksjo.com\/#website"},"datePublished":"2023-03-21T16:11:34+00:00","dateModified":"2026-03-22T13:24:55+00:00","description":"Munksj\u00f6 betreut \u00fcber 350 Kunden in mehr als 50 L\u00e4ndern. Seit \u00fcber 25 Jahren steht unsere Marke im Dekorpapiermarkt f\u00fcr Zuverl\u00e4ssigkeit und stabile Partnerschaften mit Kunden und Lieferanten.","breadcrumb":{"@id":"https:\/\/www.munksjo.com\/de\/pressemitteilungen-und-news\/#breadcrumb"},"inLanguage":"de","potentialAction":[{"@type":"ReadAction","target":["https:\/\/www.munksjo.com\/de\/pressemitteilungen-und-news\/"]}]},{"@type":"BreadcrumbList","@id":"https:\/\/www.munksjo.com\/de\/pressemitteilungen-und-news\/#breadcrumb","itemListElement":[{"@type":"ListItem","position":1,"name":"Home","item":"https:\/\/www.munksjo.com\/de\/"},{"@type":"ListItem","position":2,"name":"Pressemitteilungen und News"}]},{"@type":"WebSite","@id":"https:\/\/www.munksjo.com\/#website","url":"https:\/\/www.munksjo.com\/","name":"Munksj\u00f6","description":"Leading international manufacturer of specialty paper","publisher":{"@id":"https:\/\/www.munksjo.com\/#organization"},"potentialAction":[{"@type":"SearchAction","target":{"@type":"EntryPoint","urlTemplate":"https:\/\/www.munksjo.com\/?s={search_term_string}"},"query-input":{"@type":"PropertyValueSpecification","valueRequired":true,"valueName":"search_term_string"}}],"inLanguage":"de"},{"@type":"Organization","@id":"https:\/\/www.munksjo.com\/#organization","name":"Munksj\u00f6","url":"https:\/\/www.munksjo.com\/","logo":{"@type":"ImageObject","inLanguage":"de","@id":"https:\/\/www.munksjo.com\/#\/schema\/logo\/image\/","url":"https:\/\/www.munksjo.com\/wp-content\/uploads\/2024\/01\/Munksjoe_Logomark_Brand_BlueGreen_negative_1220x312px_72dpi.jpg","contentUrl":"https:\/\/www.munksjo.com\/wp-content\/uploads\/2024\/01\/Munksjoe_Logomark_Brand_BlueGreen_negative_1220x312px_72dpi.jpg","width":1220,"height":312,"caption":"Munksj\u00f6"},"image":{"@id":"https:\/\/www.munksjo.com\/#\/schema\/logo\/image\/"},"sameAs":["https:\/\/www.linkedin.com\/company\/munksjo\/","https:\/\/www.instagram.com\/munksjodecor\/","https:\/\/www.youtube.com\/channel\/UCOHqaJZZLDAKCup3eO-_ujw"]}]}},"_links":{"self":[{"href":"https:\/\/www.munksjo.com\/de\/wp-json\/wp\/v2\/pages\/119045","targetHints":{"allow":["GET"]}}],"collection":[{"href":"https:\/\/www.munksjo.com\/de\/wp-json\/wp\/v2\/pages"}],"about":[{"href":"https:\/\/www.munksjo.com\/de\/wp-json\/wp\/v2\/types\/page"}],"author":[{"embeddable":true,"href":"https:\/\/www.munksjo.com\/de\/wp-json\/wp\/v2\/users\/1"}],"replies":[{"embeddable":true,"href":"https:\/\/www.munksjo.com\/de\/wp-json\/wp\/v2\/comments?post=119045"}],"version-history":[{"count":17,"href":"https:\/\/www.munksjo.com\/de\/wp-json\/wp\/v2\/pages\/119045\/revisions"}],"predecessor-version":[{"id":120170,"href":"https:\/\/www.munksjo.com\/de\/wp-json\/wp\/v2\/pages\/119045\/revisions\/120170"}],"wp:attachment":[{"href":"https:\/\/www.munksjo.com\/de\/wp-json\/wp\/v2\/media?parent=119045"}],"curies":[{"name":"wp","href":"https:\/\/api.w.org\/{rel}","templated":true}]}}