{"id":121279,"date":"2024-05-07T16:24:06","date_gmt":"2024-05-07T14:24:06","guid":{"rendered":"https:\/\/www.munksjo.com\/all-articles\/"},"modified":"2026-03-22T14:38:51","modified_gmt":"2026-03-22T13:38:51","slug":"all-articles","status":"publish","type":"page","link":"https:\/\/www.munksjo.com\/de\/all-articles\/","title":{"rendered":"All articles"},"content":{"rendered":"<div class=\"wpb-content-wrapper\"><p>[vc_row unlock_row_content=&#8220;yes&#8220; row_height_percent=&#8220;0&#8243; back_image=&#8220;121101&#8243; overlay_alpha=&#8220;50&#8243; gutter_size=&#8220;3&#8243; column_width_percent=&#8220;100&#8243; shift_y=&#8220;0&#8243; z_index=&#8220;0&#8243; uncode_shortcode_id=&#8220;153301&#8243; row_height_pixel=&#8220;725&#8243;][vc_column width=&#8220;1\/1&#8243;][\/vc_column][\/vc_row][vc_row][vc_column column_width_percent=&#8220;100&#8243; align_horizontal=&#8220;align_center&#8220; gutter_size=&#8220;3&#8243; overlay_alpha=&#8220;50&#8243; shift_x=&#8220;0&#8243; shift_y=&#8220;0&#8243; shift_y_down=&#8220;0&#8243; z_index=&#8220;0&#8243; medium_width=&#8220;0&#8243; mobile_width=&#8220;0&#8243; width=&#8220;1\/1&#8243; uncode_shortcode_id=&#8220;695080&#8243;][vc_custom_heading css_animation=&#8220;typewriter&#8220; uncode_shortcode_id=&#8220;103909&#8243;]All Articles[\/vc_custom_heading][\/vc_column][\/vc_row][vc_row unlock_row_content=&#8220;yes&#8220; row_height_percent=&#8220;0&#8243; overlay_alpha=&#8220;50&#8243; gutter_size=&#8220;3&#8243; column_width_percent=&#8220;100&#8243; shift_y=&#8220;0&#8243; z_index=&#8220;0&#8243; uncode_shortcode_id=&#8220;115347&#8243;][vc_column column_width_percent=&#8220;90&#8243; position_vertical=&#8220;middle&#8220; align_horizontal=&#8220;align_center&#8220; gutter_size=&#8220;3&#8243; overlay_alpha=&#8220;50&#8243; shift_x=&#8220;0&#8243; shift_y=&#8220;0&#8243; shift_y_down=&#8220;0&#8243; z_index=&#8220;0&#8243; medium_width=&#8220;0&#8243; mobile_width=&#8220;0&#8243; width=&#8220;1\/1&#8243; uncode_shortcode_id=&#8220;212747&#8243;][uncode_index el_id=&#8220;index-187302&#8243; isotope_mode=&#8220;cellsByRow&#8220; loop=&#8220;size:All|order_by:date|order:DESC|post_type:post|categories:175|taxonomy_count:10&#8243; screen_lg=&#8220;1000&#8243; screen_md=&#8220;600&#8243; screen_sm=&#8220;480&#8243; gutter_size=&#8220;3&#8243; post_items=&#8220;media|featured|onpost|original,title,text|excerpt|55,link|link|default_size|scale_mobile|default_width|default_outline|More information,sep-one|full&#8220; single_overlay_opacity=&#8220;50&#8243; single_padding=&#8220;2&#8243; single_title_dimension=&#8220;h3&#8243; uncode_shortcode_id=&#8220;195702&#8243; el_class=&#8220;.your-post-grid-class&#8220;][\/vc_column][\/vc_row][vc_row unlock_row_content=&#8220;yes&#8220; row_height_percent=&#8220;0&#8243; override_padding=&#8220;yes&#8220; h_padding=&#8220;0&#8243; top_padding=&#8220;2&#8243; bottom_padding=&#8220;6&#8243; overlay_alpha=&#8220;50&#8243; gutter_size=&#8220;0&#8243; column_width_percent=&#8220;100&#8243; shift_y=&#8220;0&#8243; z_index=&#8220;0&#8243; uncode_shortcode_id=&#8220;118158&#8243; el_class=&#8220;pnl-b-lft-algn&#8220;][vc_column column_width_percent=&#8220;100&#8243; position_horizontal=&#8220;right&#8220; position_vertical=&#8220;bottom&#8220; gutter_size=&#8220;3&#8243; override_padding=&#8220;yes&#8220; column_padding=&#8220;0&#8243; back_color=&#8220;color-228529&#8243; overlay_alpha=&#8220;50&#8243; shift_x=&#8220;0&#8243; shift_y=&#8220;0&#8243; shift_y_down=&#8220;0&#8243; z_index=&#8220;0&#8243; medium_width=&#8220;0&#8243; align_mobile=&#8220;align_center_mobile&#8220; mobile_width=&#8220;0&#8243; css_animation=&#8220;left-t-right&#8220; animation_speed=&#8220;600&#8243; width=&#8220;1\/2&#8243; uncode_shortcode_id=&#8220;130057&#8243; back_color_type=&#8220;uncode-palette&#8220; el_class=&#8220;pnl-b-dta&#8220;][vc_row_inner row_inner_height_percent=&#8220;0&#8243; overlay_alpha=&#8220;50&#8243; gutter_size=&#8220;0&#8243; shift_y=&#8220;0&#8243; z_index=&#8220;0&#8243; uncode_shortcode_id=&#8220;160600&#8243; limit_content=&#8220;&#8220;][vc_column_inner column_width_use_pixel=&#8220;yes&#8220; position_horizontal=&#8220;right&#8220; position_vertical=&#8220;bottom&#8220; gutter_size=&#8220;3&#8243; back_color=&#8220;color-228529&#8243; overlay_alpha=&#8220;50&#8243; shift_x=&#8220;4&#8243; shift_y=&#8220;0&#8243; shift_y_down=&#8220;0&#8243; z_index=&#8220;0&#8243; align_medium=&#8220;align_center_tablet&#8220; medium_width=&#8220;0&#8243; align_mobile=&#8220;align_center_mobile&#8220; mobile_width=&#8220;0&#8243; width=&#8220;10\/12&#8243; uncode_shortcode_id=&#8220;111751&#8243; back_color_type=&#8220;uncode-palette&#8220; el_class=&#8220;pnl-b-txt&#8220; column_width_pixel=&#8220;480&#8243;][vc_empty_space empty_h=&#8220;0&#8243; mobile_visibility=&#8220;yes&#8220;][vc_custom_heading text_color=&#8220;color-xsdn&#8220; heading_semantic=&#8220;h3&#8243; text_height=&#8220;fontheight-909588&#8243; uncode_shortcode_id=&#8220;210238&#8243; text_color_type=&#8220;uncode-palette&#8220;]Press Contact[\/vc_custom_heading][vc_column_text text_color=&#8220;color-xsdn&#8220; uncode_shortcode_id=&#8220;919033&#8243; text_color_type=&#8220;uncode-palette&#8220;]If you have any questions regarding Munksj\u00f6, our Corporate Communication team will be happy to help.[\/vc_column_text][vc_empty_space empty_h=&#8220;0&#8243;][vc_button button_color=&#8220;color-194702&#8243; size=&#8220;btn-lg&#8220; hover_fx=&#8220;full-colored&#8220; border_width=&#8220;0&#8243; css_animation=&#8220;zoom-in&#8220; animation_delay=&#8220;300&#8243; uncode_shortcode_id=&#8220;176268&#8243; button_color_type=&#8220;uncode-palette&#8220; link=&#8220;url:https%3A%2F%2Fwww.munksjo.com%2Fde%2Fkontakt%2F|title:Contact%20us|&#8220;]Contact us[\/vc_button][vc_empty_space empty_h=&#8220;2&#8243;][\/vc_column_inner][vc_column_inner column_width_percent=&#8220;100&#8243; position_vertical=&#8220;bottom&#8220; gutter_size=&#8220;3&#8243; override_padding=&#8220;yes&#8220; column_padding=&#8220;5&#8243; expand_height=&#8220;yes&#8220; back_color=&#8220;color-228529&#8243; overlay_alpha=&#8220;50&#8243; shift_x=&#8220;4&#8243; shift_y=&#8220;0&#8243; shift_y_down=&#8220;0&#8243; z_index=&#8220;0&#8243; medium_visibility=&#8220;yes&#8220; medium_width=&#8220;0&#8243; mobile_visibility=&#8220;yes&#8220; mobile_width=&#8220;0&#8243; width=&#8220;2\/12&#8243; uncode_shortcode_id=&#8220;106423&#8243; back_color_type=&#8220;uncode-palette&#8220;][\/vc_column_inner][\/vc_row_inner][\/vc_column][vc_column column_width_use_pixel=&#8220;yes&#8220; position_horizontal=&#8220;left&#8220; gutter_size=&#8220;3&#8243; override_padding=&#8220;yes&#8220; column_padding=&#8220;2&#8243; overlay_alpha=&#8220;50&#8243; shift_x=&#8220;0&#8243; shift_y=&#8220;0&#8243; shift_y_down=&#8220;4&#8243; z_index=&#8220;1&#8243; medium_width=&#8220;0&#8243; mobile_width=&#8220;0&#8243; css_animation=&#8220;right-t-left&#8220; animation_speed=&#8220;600&#8243; animation_delay=&#8220;200&#8243; width=&#8220;1\/2&#8243; uncode_shortcode_id=&#8220;142982&#8243; column_width_pixel=&#8220;800&#8243; el_class=&#8220;pnl-b-img&#8220;][vc_row_inner row_inner_height_percent=&#8220;0&#8243; overlay_alpha=&#8220;50&#8243; gutter_size=&#8220;3&#8243; shift_y=&#8220;0&#8243; z_index=&#8220;0&#8243; uncode_shortcode_id=&#8220;116205&#8243; limit_content=&#8220;&#8220;][vc_column_inner column_width_percent=&#8220;100&#8243; position_horizontal=&#8220;right&#8220; align_horizontal=&#8220;align_right&#8220; gutter_size=&#8220;3&#8243; overlay_alpha=&#8220;50&#8243; shift_x=&#8220;0&#8243; shift_y=&#8220;0&#8243; shift_y_down=&#8220;0&#8243; z_index=&#8220;0&#8243; medium_width=&#8220;0&#8243; mobile_width=&#8220;0&#8243; width=&#8220;1\/1&#8243; uncode_shortcode_id=&#8220;664195&#8243;][vc_single_image media=&#8220;121094&#8243; media_width_percent=&#8220;100&#8243; media_ratio=&#8220;sixteen-nine&#8220; css_animation=&#8220;right-t-left&#8220; uncode_shortcode_id=&#8220;173152&#8243;][\/vc_column_inner][\/vc_row_inner][\/vc_column][\/vc_row]<\/p>\n<\/div>","protected":false},"excerpt":{"rendered":"<p>[vc_row unlock_row_content=&#8220;yes&#8220; row_height_percent=&#8220;0&#8243; back_image=&#8220;121101&#8243; overlay_alpha=&#8220;50&#8243; gutter_size=&#8220;3&#8243; column_width_percent=&#8220;100&#8243; shift_y=&#8220;0&#8243; z_index=&#8220;0&#8243; uncode_shortcode_id=&#8220;153301&#8243; row_height_pixel=&#8220;725&#8243;][vc_column width=&#8220;1\/1&#8243;][\/vc_column][\/vc_row][vc_row][vc_column column_width_percent=&#8220;100&#8243; align_horizontal=&#8220;align_center&#8220; gutter_size=&#8220;3&#8243; overlay_alpha=&#8220;50&#8243; shift_x=&#8220;0&#8243; shift_y=&#8220;0&#8243; shift_y_down=&#8220;0&#8243; z_index=&#8220;0&#8243; [&hellip;]<\/p>\n","protected":false},"author":13,"featured_media":121102,"parent":0,"menu_order":22,"comment_status":"closed","ping_status":"closed","template":"","meta":{"_acf_changed":false,"iawp_total_views":114,"footnotes":""},"class_list":["post-121279","page","type-page","status-publish","has-post-thumbnail","hentry"],"acf":[],"yoast_head":"<!-- This site is optimized with the Yoast SEO plugin v27.4 - https:\/\/yoast.com\/product\/yoast-seo-wordpress\/ -->\n<title>The latest news and developments - Munksj\u00f6<\/title>\n<meta name=\"description\" content=\"Stay updated with the latest news and developments from Munksj\u00f6. Explore our articles covering company updates, industry insights, innovation highlights, and more. Discover how Munksj\u00f6 is shaping the future with cutting-edge solutions and strategic initiatives\" \/>\n<meta name=\"robots\" content=\"index, follow, max-snippet:-1, max-image-preview:large, max-video-preview:-1\" \/>\n<link rel=\"canonical\" href=\"https:\/\/www.munksjo.com\/all-articles\/\" \/>\n<meta property=\"og:locale\" content=\"de_DE\" \/>\n<meta property=\"og:type\" content=\"article\" \/>\n<meta property=\"og:title\" content=\"The latest news and developments - Munksj\u00f6\" \/>\n<meta property=\"og:description\" content=\"Stay updated with the latest news and developments from Munksj\u00f6. Explore our articles covering company updates, industry insights, innovation highlights, and more. Discover how Munksj\u00f6 is shaping the future with cutting-edge solutions and strategic initiatives\" \/>\n<meta property=\"og:url\" content=\"https:\/\/www.munksjo.com\/all-articles\/\" \/>\n<meta property=\"og:site_name\" content=\"Munksj\u00f6\" \/>\n<meta property=\"article:modified_time\" content=\"2026-03-22T13:38:51+00:00\" \/>\n<meta property=\"og:image\" content=\"https:\/\/www.munksjo.com\/wp-content\/uploads\/2024\/06\/2024_29-Munksjo-Image-AdobeStock_500855720-1024x683.jpeg\" \/>\n\t<meta property=\"og:image:width\" content=\"1024\" \/>\n\t<meta property=\"og:image:height\" content=\"683\" \/>\n\t<meta property=\"og:image:type\" content=\"image\/jpeg\" \/>\n<meta name=\"twitter:card\" content=\"summary_large_image\" \/>\n<meta name=\"twitter:label1\" content=\"Gesch\u00e4tzte Lesezeit\" \/>\n\t<meta name=\"twitter:data1\" content=\"2\u00a0Minuten\" \/>\n<script type=\"application\/ld+json\" class=\"yoast-schema-graph\">{\"@context\":\"https:\\\/\\\/schema.org\",\"@graph\":[{\"@type\":\"WebPage\",\"@id\":\"https:\\\/\\\/www.munksjo.com\\\/all-articles\\\/\",\"url\":\"https:\\\/\\\/www.munksjo.com\\\/all-articles\\\/\",\"name\":\"The latest news and developments - Munksj\u00f6\",\"isPartOf\":{\"@id\":\"https:\\\/\\\/www.munksjo.com\\\/#website\"},\"primaryImageOfPage\":{\"@id\":\"https:\\\/\\\/www.munksjo.com\\\/all-articles\\\/#primaryimage\"},\"image\":{\"@id\":\"https:\\\/\\\/www.munksjo.com\\\/all-articles\\\/#primaryimage\"},\"thumbnailUrl\":\"https:\\\/\\\/www.munksjo.com\\\/wp-content\\\/uploads\\\/2024\\\/06\\\/2024_29-Munksjo-Image-AdobeStock_500855720.jpeg\",\"datePublished\":\"2024-05-07T14:24:06+00:00\",\"dateModified\":\"2026-03-22T13:38:51+00:00\",\"description\":\"Stay updated with the latest news and developments from Munksj\u00f6. Explore our articles covering company updates, industry insights, innovation highlights, and more. Discover how Munksj\u00f6 is shaping the future with cutting-edge solutions and strategic initiatives\",\"breadcrumb\":{\"@id\":\"https:\\\/\\\/www.munksjo.com\\\/all-articles\\\/#breadcrumb\"},\"inLanguage\":\"de\",\"potentialAction\":[{\"@type\":\"ReadAction\",\"target\":[\"https:\\\/\\\/www.munksjo.com\\\/all-articles\\\/\"]}]},{\"@type\":\"ImageObject\",\"inLanguage\":\"de\",\"@id\":\"https:\\\/\\\/www.munksjo.com\\\/all-articles\\\/#primaryimage\",\"url\":\"https:\\\/\\\/www.munksjo.com\\\/wp-content\\\/uploads\\\/2024\\\/06\\\/2024_29-Munksjo-Image-AdobeStock_500855720.jpeg\",\"contentUrl\":\"https:\\\/\\\/www.munksjo.com\\\/wp-content\\\/uploads\\\/2024\\\/06\\\/2024_29-Munksjo-Image-AdobeStock_500855720.jpeg\",\"width\":6411,\"height\":4278,\"caption\":\"All news articles Munksjo\"},{\"@type\":\"BreadcrumbList\",\"@id\":\"https:\\\/\\\/www.munksjo.com\\\/all-articles\\\/#breadcrumb\",\"itemListElement\":[{\"@type\":\"ListItem\",\"position\":1,\"name\":\"Home\",\"item\":\"https:\\\/\\\/www.munksjo.com\\\/de\\\/\"},{\"@type\":\"ListItem\",\"position\":2,\"name\":\"All articles\"}]},{\"@type\":\"WebSite\",\"@id\":\"https:\\\/\\\/www.munksjo.com\\\/#website\",\"url\":\"https:\\\/\\\/www.munksjo.com\\\/\",\"name\":\"Munksj\u00f6\",\"description\":\"Leading international manufacturer of specialty paper\",\"publisher\":{\"@id\":\"https:\\\/\\\/www.munksjo.com\\\/#organization\"},\"potentialAction\":[{\"@type\":\"SearchAction\",\"target\":{\"@type\":\"EntryPoint\",\"urlTemplate\":\"https:\\\/\\\/www.munksjo.com\\\/?s={search_term_string}\"},\"query-input\":{\"@type\":\"PropertyValueSpecification\",\"valueRequired\":true,\"valueName\":\"search_term_string\"}}],\"inLanguage\":\"de\"},{\"@type\":\"Organization\",\"@id\":\"https:\\\/\\\/www.munksjo.com\\\/#organization\",\"name\":\"Munksj\u00f6\",\"url\":\"https:\\\/\\\/www.munksjo.com\\\/\",\"logo\":{\"@type\":\"ImageObject\",\"inLanguage\":\"de\",\"@id\":\"https:\\\/\\\/www.munksjo.com\\\/#\\\/schema\\\/logo\\\/image\\\/\",\"url\":\"https:\\\/\\\/www.munksjo.com\\\/wp-content\\\/uploads\\\/2024\\\/01\\\/Munksjoe_Logomark_Brand_BlueGreen_negative_1220x312px_72dpi.jpg\",\"contentUrl\":\"https:\\\/\\\/www.munksjo.com\\\/wp-content\\\/uploads\\\/2024\\\/01\\\/Munksjoe_Logomark_Brand_BlueGreen_negative_1220x312px_72dpi.jpg\",\"width\":1220,\"height\":312,\"caption\":\"Munksj\u00f6\"},\"image\":{\"@id\":\"https:\\\/\\\/www.munksjo.com\\\/#\\\/schema\\\/logo\\\/image\\\/\"},\"sameAs\":[\"https:\\\/\\\/www.linkedin.com\\\/company\\\/munksjo\\\/\",\"https:\\\/\\\/www.instagram.com\\\/munksjodecor\\\/\",\"https:\\\/\\\/www.youtube.com\\\/channel\\\/UCOHqaJZZLDAKCup3eO-_ujw\"]}]}<\/script>\n<!-- \/ Yoast SEO plugin. -->","yoast_head_json":{"title":"The latest news and developments - Munksj\u00f6","description":"Stay updated with the latest news and developments from Munksj\u00f6. Explore our articles covering company updates, industry insights, innovation highlights, and more. Discover how Munksj\u00f6 is shaping the future with cutting-edge solutions and strategic initiatives","robots":{"index":"index","follow":"follow","max-snippet":"max-snippet:-1","max-image-preview":"max-image-preview:large","max-video-preview":"max-video-preview:-1"},"canonical":"https:\/\/www.munksjo.com\/all-articles\/","og_locale":"de_DE","og_type":"article","og_title":"The latest news and developments - Munksj\u00f6","og_description":"Stay updated with the latest news and developments from Munksj\u00f6. Explore our articles covering company updates, industry insights, innovation highlights, and more. Discover how Munksj\u00f6 is shaping the future with cutting-edge solutions and strategic initiatives","og_url":"https:\/\/www.munksjo.com\/all-articles\/","og_site_name":"Munksj\u00f6","article_modified_time":"2026-03-22T13:38:51+00:00","og_image":[{"width":1024,"height":683,"url":"https:\/\/www.munksjo.com\/wp-content\/uploads\/2024\/06\/2024_29-Munksjo-Image-AdobeStock_500855720-1024x683.jpeg","type":"image\/jpeg"}],"twitter_card":"summary_large_image","twitter_misc":{"Gesch\u00e4tzte Lesezeit":"2\u00a0Minuten"},"schema":{"@context":"https:\/\/schema.org","@graph":[{"@type":"WebPage","@id":"https:\/\/www.munksjo.com\/all-articles\/","url":"https:\/\/www.munksjo.com\/all-articles\/","name":"The latest news and developments - Munksj\u00f6","isPartOf":{"@id":"https:\/\/www.munksjo.com\/#website"},"primaryImageOfPage":{"@id":"https:\/\/www.munksjo.com\/all-articles\/#primaryimage"},"image":{"@id":"https:\/\/www.munksjo.com\/all-articles\/#primaryimage"},"thumbnailUrl":"https:\/\/www.munksjo.com\/wp-content\/uploads\/2024\/06\/2024_29-Munksjo-Image-AdobeStock_500855720.jpeg","datePublished":"2024-05-07T14:24:06+00:00","dateModified":"2026-03-22T13:38:51+00:00","description":"Stay updated with the latest news and developments from Munksj\u00f6. Explore our articles covering company updates, industry insights, innovation highlights, and more. Discover how Munksj\u00f6 is shaping the future with cutting-edge solutions and strategic initiatives","breadcrumb":{"@id":"https:\/\/www.munksjo.com\/all-articles\/#breadcrumb"},"inLanguage":"de","potentialAction":[{"@type":"ReadAction","target":["https:\/\/www.munksjo.com\/all-articles\/"]}]},{"@type":"ImageObject","inLanguage":"de","@id":"https:\/\/www.munksjo.com\/all-articles\/#primaryimage","url":"https:\/\/www.munksjo.com\/wp-content\/uploads\/2024\/06\/2024_29-Munksjo-Image-AdobeStock_500855720.jpeg","contentUrl":"https:\/\/www.munksjo.com\/wp-content\/uploads\/2024\/06\/2024_29-Munksjo-Image-AdobeStock_500855720.jpeg","width":6411,"height":4278,"caption":"All news articles Munksjo"},{"@type":"BreadcrumbList","@id":"https:\/\/www.munksjo.com\/all-articles\/#breadcrumb","itemListElement":[{"@type":"ListItem","position":1,"name":"Home","item":"https:\/\/www.munksjo.com\/de\/"},{"@type":"ListItem","position":2,"name":"All articles"}]},{"@type":"WebSite","@id":"https:\/\/www.munksjo.com\/#website","url":"https:\/\/www.munksjo.com\/","name":"Munksj\u00f6","description":"Leading international manufacturer of specialty paper","publisher":{"@id":"https:\/\/www.munksjo.com\/#organization"},"potentialAction":[{"@type":"SearchAction","target":{"@type":"EntryPoint","urlTemplate":"https:\/\/www.munksjo.com\/?s={search_term_string}"},"query-input":{"@type":"PropertyValueSpecification","valueRequired":true,"valueName":"search_term_string"}}],"inLanguage":"de"},{"@type":"Organization","@id":"https:\/\/www.munksjo.com\/#organization","name":"Munksj\u00f6","url":"https:\/\/www.munksjo.com\/","logo":{"@type":"ImageObject","inLanguage":"de","@id":"https:\/\/www.munksjo.com\/#\/schema\/logo\/image\/","url":"https:\/\/www.munksjo.com\/wp-content\/uploads\/2024\/01\/Munksjoe_Logomark_Brand_BlueGreen_negative_1220x312px_72dpi.jpg","contentUrl":"https:\/\/www.munksjo.com\/wp-content\/uploads\/2024\/01\/Munksjoe_Logomark_Brand_BlueGreen_negative_1220x312px_72dpi.jpg","width":1220,"height":312,"caption":"Munksj\u00f6"},"image":{"@id":"https:\/\/www.munksjo.com\/#\/schema\/logo\/image\/"},"sameAs":["https:\/\/www.linkedin.com\/company\/munksjo\/","https:\/\/www.instagram.com\/munksjodecor\/","https:\/\/www.youtube.com\/channel\/UCOHqaJZZLDAKCup3eO-_ujw"]}]}},"_links":{"self":[{"href":"https:\/\/www.munksjo.com\/de\/wp-json\/wp\/v2\/pages\/121279","targetHints":{"allow":["GET"]}}],"collection":[{"href":"https:\/\/www.munksjo.com\/de\/wp-json\/wp\/v2\/pages"}],"about":[{"href":"https:\/\/www.munksjo.com\/de\/wp-json\/wp\/v2\/types\/page"}],"author":[{"embeddable":true,"href":"https:\/\/www.munksjo.com\/de\/wp-json\/wp\/v2\/users\/13"}],"replies":[{"embeddable":true,"href":"https:\/\/www.munksjo.com\/de\/wp-json\/wp\/v2\/comments?post=121279"}],"version-history":[{"count":5,"href":"https:\/\/www.munksjo.com\/de\/wp-json\/wp\/v2\/pages\/121279\/revisions"}],"predecessor-version":[{"id":121923,"href":"https:\/\/www.munksjo.com\/de\/wp-json\/wp\/v2\/pages\/121279\/revisions\/121923"}],"wp:featuredmedia":[{"embeddable":true,"href":"https:\/\/www.munksjo.com\/de\/wp-json\/wp\/v2\/media\/121102"}],"wp:attachment":[{"href":"https:\/\/www.munksjo.com\/de\/wp-json\/wp\/v2\/media?parent=121279"}],"curies":[{"name":"wp","href":"https:\/\/api.w.org\/{rel}","templated":true}]}}